{"id":9616,"date":"2022-05-31T10:29:19","date_gmt":"2022-05-31T08:29:19","guid":{"rendered":"https:\/\/sofia-technologies.com\/rd-services\/product-engineering\/"},"modified":"2023-01-31T16:06:40","modified_gmt":"2023-01-31T15:06:40","slug":"ingenierie-produit","status":"publish","type":"page","link":"https:\/\/sofia-technologies.com\/fr\/services-rd\/ingenierie-produit\/","title":{"rendered":"Ing\u00e9nierie produit"},"content":{"rendered":"<p>[vc_row height_ratio=\u00a0\u00bb100&Prime; padding_top_multiplier=\u00a0\u00bbcustom\u00a0\u00bb padding_bottom_multiplier=\u00a0\u00bb3x\u00a0\u00bb columns_gap=\u00a0\u00bb30&Prime; tablet_height_ratio=\u00a0\u00bb100&Prime; tablet_sm_height_ratio=\u00a0\u00bb60&Prime; mobile_height_ratio=\u00a0\u00bb100&Prime; padding_top=\u00a0\u00bb7%\u00a0\u00bb][vc_column width=\u00a0\u00bb1\/2&Prime; vertical_content_position=\u00a0\u00bbmiddle\u00a0\u00bb rc_heading_color=\u00a0\u00bbprimary-1&Prime; tablet_sm_width=\u00a0\u00bb1-2&Prime; mobile_column_order=\u00a0\u00bb2&Prime; grve_css=\u00a0\u00bb{\u00ab\u00a0desktop\u00ab\u00a0:{\u00ab\u00a0z-index\u00ab\u00a0:3,\u00ab\u00a0class\u00ab\u00a0:\u00ab\u00a0grve-wpb-1644161404746\u00ab\u00a0},\u00ab\u00a0tablet_landscape\u00ab\u00a0:{\u00ab\u00a0z-index\u00ab\u00a0:3},\u00ab\u00a0tablet_portrait\u00ab\u00a0:{\u00ab\u00a0z-index\u00ab\u00a0:3}}\u00a0\u00bb][vc_row_inner][vc_column_inner mobile_width=\u00a0\u00bbhide\u00a0\u00bb]<div class=\"grve-empty-space grve-height-2x\"><\/div>[\/vc_column_inner][\/vc_row_inner]<h1 data-clipping-color=\"black\" data-animation=\"colored-clipping-left\" data-delay=\"600\" data-duration=\"normal\" class=\"grve-element grve-title grve-align-left grve-clipping-animation grve-advanced-animation grve-colored-clipping grve-animated-item grve-h1 grve-tablet-sm-reset-increase-heading grve-mobile-reset-increase-heading grve-increase-heading grve-heading-160 nb_f\" style=\"margin-bottom: 20px;\"><span>Ing\u00e9nierie produit<\/span><\/h1>[vc_row_inner][vc_column_inner width=\u00a0\u00bb1\/2&Prime;][vc_column_text animation=\u00a0\u00bbfade-in-up\u00a0\u00bb animation_delay=\u00a0\u00bb600&Prime;]Nous pouvons vous aider \u00e0 concevoir des produits et \u00e0 trouver les meilleures solutions au meilleur prix.<br \/>\nNos ing\u00e9nieurs cr\u00e9ent et mettent en \u0153uvre des proc\u00e9d\u00e9s solides pour garantir que votre nouveau produit soit fabriqu\u00e9 dans les d\u00e9lais avec la qualit\u00e9 que vous attendez tout en tenant compte de votre budget.[\/vc_column_text][\/vc_column_inner][vc_column_inner width=\u00a0\u00bb1\/2&Prime;][\/vc_column_inner][\/vc_row_inner]<div class=\"grve-empty-space grve-height-1x\"><\/div><div data-animation=\"fade-in-up\" data-delay=\"700\" data-duration=\"normal\" class=\"grve-element grve-align-inherit grve-animated-item\">\r\n<a href=\"#details\" title=\"About Us\" class=\"grve-btn grve-round grve-bg-black grve-border-black grve-bg-hover-primary-1 grve-border-hover-primary-1 grve-text-white grve-text-hover-white grve-btn-medium\">\r\r\n\t\r\n\t<span>En savoir plus<\/span>\r\r\n\t\r\n\t\r\n\t\r\n\t\t\r\n\t\r\n\t\r\n<\/a><\/div>[\/vc_column][vc_column width=\u00a0\u00bb1\/2&Prime; vertical_content_position=\u00a0\u00bbmiddle\u00a0\u00bb text_align=\u00a0\u00bbcenter\u00a0\u00bb tablet_sm_width=\u00a0\u00bb1-2&Prime; mobile_text_align=\u00a0\u00bbcenter\u00a0\u00bb mobile_column_order=\u00a0\u00bb1&Prime;]\r\n<div data-animation=\"clipping-right\" data-delay=\"200\" data-duration=\"normal\" class=\"grve-element grve-image grve-align-right grve-clipping-animation grve-advanced-animation grve-animated-item grve-image-space-150 grve-image-expand-width grve-mobile-reset-image-space\">\r\r\n\r\n\t<div class=\"grve-image-item\">\r\r\n\t\t\r\n\r\r\n\r\r\n<div class=\"grve-image-wrapper grve-no-effect\">\r\r\n\t\r\n\t<div class=\"grve-thumbnail-wrapper\"><div class=\"grve-thumbnail\"  style=\"padding-top: 0%;\"><\/div><\/div>\r\n\t\r\n<\/div>\r\r\n\r\n\t<\/div>\r\r\n<\/div>\r\r\n[\/vc_column][\/vc_row][vc_row padding_top_multiplier=\u00a0\u00bb\u00a0\u00bb padding_bottom_multiplier=\u00a0\u00bb2x\u00a0\u00bb section_id=\u00a0\u00bbdetails\u00a0\u00bb][vc_column rc_heading_color=\u00a0\u00bbprimary-1&Prime; tablet_sm_width=\u00a0\u00bb1&Prime;][vc_column_text]<\/p>\n<p style=\"text-align: center;\">Notre \u00e9quipe d&rsquo;ing\u00e9nierie produit est dot\u00e9e d\u2019une grande exp\u00e9rience dans la <span class=\"grve-underline grve-line-primary-2 grve-active\">r\u00e9alisation de produits avec les meilleures performances au moindre co\u00fbt<\/span>. Nous utilisons une approche bas\u00e9e sur la recherche et des connaissances appropri\u00e9es pour aider les clients \u00e0 transformer leurs id\u00e9es en v\u00e9ritables produits de haute qualit\u00e9 au co\u00fbt le plus bas et dans les d\u00e9lais les plus courts possibles.<\/p>\n<p style=\"text-align: center;\">Les modules pr\u00eats \u00e0 l&#8217;emploi d\u00e9velopp\u00e9s dans Sofiatech permettent d&rsquo;offrir un large \u00e9ventail de choix, notamment du mat\u00e9riel configurable, une connectivit\u00e9 cloud customis\u00e9e, un logiciel de d\u00e9veloppement facile \u00e0 utiliser et une application pour r\u00e9duire le d\u00e9lai de mise sur le march\u00e9 et permettre, ainsi, un d\u00e9ploiement rapide des produits IOT.<\/p>\n<p style=\"text-align: center;\">Pour acc\u00e9l\u00e9rer le prototypage, Sofiatech fournit des <span class=\"grve-underline grve-line-primary-2 grve-active\">plates-formes de prototypage rapide pr\u00eates \u00e0 l&#8217;emploi et configurables<\/span>. Les plateformes permettent un d\u00e9ploiement rapide et une gestion de bout en bout pour des solutions de l\u2019Internet des objets (IoT).<\/p>\n<p>[\/vc_column_text][\/vc_column][\/vc_row][vc_row section_type=\u00a0\u00bbcontainer-width\u00a0\u00bb padding_top_multiplier=\u00a0\u00bb\u00a0\u00bb padding_bottom_multiplier=\u00a0\u00bb\u00a0\u00bb columns_gap=\u00a0\u00bbnone\u00a0\u00bb mobile_columns_vertical_gap=\u00a0\u00bbnone\u00a0\u00bb el_class=\u00a0\u00bbproduct_acc\u00a0\u00bb][vc_column mobile_column_order=\u00a0\u00bb2&Prime; grve_css=\u00a0\u00bb{\u00ab\u00a0desktop\u00ab\u00a0:{\u00ab\u00a0padding-right\u00ab\u00a0:\u00ab\u00a03\u00ab\u00a0,\u00ab\u00a0class\u00ab\u00a0:\u00ab\u00a0grve-wpb-1654767237076\u00ab\u00a0},\u00ab\u00a0mobile_landscape\u00ab\u00a0:{\u00ab\u00a0padding-right\u00ab\u00a0:\u00ab\u00a030\u00ab\u00a0}}\u00a0\u00bb][vc_tta_accordion c_position=\u00a0\u00bbright\u00a0\u00bb active_section=\u00a0\u00bb1&Prime; heading=\u00a0\u00bblink-text\u00a0\u00bb][vc_tta_section title=\u00a0\u00bbServices d\u2019ing\u00e9nierie \u00c9lectronique\u00a0\u00bb tab_id=\u00a0\u00bb1594660430213-c4485d8e-1f27cda3-e6da2f71-2f70&Prime;][vc_column_text]<\/p>\n<ul class=\"carac_ul\">\n<li>Design Hardware, qui inclut l&rsquo;architecture, la sch\u00e9matique, la disposition et la s\u00e9lection des composants de classe A pour la conception pour le secteur industriel, automobile, grand public etc.<\/li>\n<li>Estimation et dimensionnement des capacit\u00e9s Software n\u00e9cessaires (ROM, RAM etc) et optimisation de la BOM.<\/li>\n<li>Certifications sp\u00e9cifiques internationales telles que FCC, CE, ROHS, UL, REACH, etc.<\/li>\n<li>R\u00e9alisations des syst\u00e8mes de gestion de batterie efficaces et \u00e0 faible consommation d&rsquo;\u00e9nergie.<\/li>\n<li>Conception m\u00e9canique\/Conception de bo\u00eetiers pour les produits.<\/li>\n<li>Conception des passerelles IoT, des n\u0153uds p\u00e9riph\u00e9riques, des capteurs et des interfaces Hardware.<\/li>\n<li>Tests de pr\u00e9qualification, y compris vibrations, thermiques, EMI\/EMC, interf\u00e9rences etc.<\/li>\n<li>Conception de cartes : multicouche, HDI, Flex, Flex-Rigide, fonctionnement avec batterie, int\u00e9grit\u00e9 du signal et contraintes d&rsquo;espace etc.<\/li>\n<\/ul>\n<p>[\/vc_column_text][\/vc_tta_section][vc_tta_section title=\u00a0\u00bbIng\u00e9nierie syst\u00e8mes embarqu\u00e9s et d\u00e9veloppement de firmware\u00a0\u00bb tab_id=\u00a0\u00bb1525082265500-00929566-4755cda3-e6da2f71-2f70&Prime;][vc_column_text]<\/p>\n<ul class=\"carac_ul\">\n<li>Portage et D\u00e9veloppement sous Linux Yocto, FreeRTOS, Android et MBedOS.<\/li>\n<li>Traitement multim\u00e9dia, Edge computing et Virtualisation.<\/li>\n<li>Int\u00e9gration des syst\u00e8mes embarqu\u00e9s.<\/li>\n<li>D\u00e9veloppement de firmwares bas\u00e9s sur microcontr\u00f4leur\/RTOS.<\/li>\n<li>Bring-up et d\u00e9veloppement de BSP.<\/li>\n<li>Programmation OTA.<\/li>\n<li>Pilote de p\u00e9riph\u00e9rique\/D\u00e9veloppement d&rsquo;interface.<\/li>\n<li>Connectivit\u00e9 sans fil bas\u00e9e sur Wi-Fi, BLE Mesh, Zigbee, Z-Wave, Thread et LoRaWAN.<\/li>\n<li>Optimisation des performances pour les applications fonctionnant sur batterie \u00e0 faible puissance.<\/li>\n<\/ul>\n<p>[\/vc_column_text][\/vc_tta_section][vc_tta_section title=\u00a0\u00bbD\u00e9veloppement Software\u00a0\u00bb tab_id=\u00a0\u00bb1525082265545-1faa0928-8b95cda3-e6da2f71-2f70&Prime;][vc_column_text]<\/p>\n<p style=\"font-size: 18px; font-weight: bold;\">Gr\u00e2ce \u00e0 notre exp\u00e9rience dans les solutions et services logiciels de nouvelle g\u00e9n\u00e9ration, nous contribuons \u00e0 la transformation num\u00e9rique des solutions li\u00e9es, des services d&rsquo;ing\u00e9nierie cloud et de l&rsquo;ing\u00e9nierie de la qualit\u00e9 logicielle. Nous aidons nos clients \u00e0 s\u00e9lectionner la plate-forme la plus performante et la plus rentable pour le d\u00e9veloppement d&rsquo;applications.<\/p>\n<ul class=\"carac_ul\">\n<li>Services de d\u00e9veloppement Full stack pour cr\u00e9er des solutions connect\u00e9es intelligentes.<\/li>\n<li>D\u00e9veloppement, int\u00e9gration, migration et maintenance d&rsquo;applications logicielles bas\u00e9es sur le cloud.<\/li>\n<li>D\u00e9veloppement d&rsquo;applications mobiles sur plateformes iOS et Android utilisant des technologies natives et multiplateformes.<\/li>\n<li>Ing\u00e9nieurs certifi\u00e9s et form\u00e9s sur des clouds bien connus tels que AWS, Google, Azure, etc.<\/li>\n<li>Automatisation du flux de d\u00e9veloppement DevOps, int\u00e9gration continue, architecture microservices et dockerisation.<\/li>\n<li>Services de tests de logiciel automatis\u00e9s et manuels pour les logiciels et les produits.<\/li>\n<li>Intelligence artificielle et Machine learning.<\/li>\n<li>UI\/UX\u00a0: Conception, d\u00e9veloppement et am\u00e9lioration.<\/li>\n<li><\/li>\n<\/ul>\n<p>[\/vc_column_text][\/vc_tta_section][vc_tta_section title=\u00a0\u00bbIndustrialisation\u00a0\u00bb tab_id=\u00a0\u00bb1654772327094-29cae2b5-5ed7&Prime;][vc_column_text]<\/p>\n<ul class=\"carac_ul\">\n<li>Fabrication et assemblage de circuits imprim\u00e9s, int\u00e9gration de produits, petites et grandes s\u00e9ries.<\/li>\n<li>Transfert de fabrication : transfert Engg-Manufacturing, analyse DFM\/DFA\/DFT, planification de la production et analyse de l&rsquo;am\u00e9lioration du rendement.<\/li>\n<li>Assemblages de faisceaux de c\u00e2bles : Conception de c\u00e2bles, Fabrication de c\u00e2bles. Validation fonctionnelle et bobinage de c\u00e2bles.<\/li>\n<li>Services d&#8217;emballage : \u00e9tiquette et bo\u00eete de produit et emballage de transport.<\/li>\n<li>Fabrication de bo\u00eetiers : impression 3D de bo\u00eetiers, moulage par injection et moulage sous pression.<\/li>\n<li>Pr\u00e9-qualification et certification : Pr\u00e9-conformit\u00e9 des produits et certification r\u00e9glementaire (FCC\/IC\/CE\/UL\/CSA).<\/li>\n<li>D\u00e9veloppement ATE : planification des tests de production, ATE complet \/semi-automatis\u00e9, ATE conception et production et tests de fin de vie.<\/li>\n<li>Tests et assurance qualit\u00e9 : d\u00e9veloppement de dispositif de tests automatis\u00e9s et de services d&rsquo;assurance qualit\u00e9 produits\/PCB\/composants le long des \u00e9tapes.<\/li>\n<li><\/li>\n<\/ul>\n<p>[\/vc_column_text][\/vc_tta_section][\/vc_tta_accordion]<div class=\"grve-empty-space grve-height-4x\"><\/div>[\/vc_column][\/vc_row][vc_row rc_bg_type=\u00a0\u00bbcolor\u00a0\u00bb rc_bg_color=\u00a0\u00bb#ec8a00&Prime; el_class=\u00a0\u00bborange_bloc\u00a0\u00bb][vc_column width=\u00a0\u00bb1\/6&Prime;][\/vc_column][vc_column width=\u00a0\u00bb2\/3&Prime;]<h2 class=\"grve-element grve-title grve-align-inherit grve-h3\"><span><br>\n<p style=\"text-align: center;\">Services d&rsquo;ing\u00e9nierie de produit dans plusieurs secteurs.<br>\n<\/span><\/h2>[vc_column_text]<\/p>\n<p style=\"text-align: center;\">Nous couvrons le cycle de vie du d\u00e9veloppement de produit depuis de la conception au d\u00e9ploiement pour plusieurs de partenaires leaders dans leurs domaines.<\/p>\n<p>[\/vc_column_text][\/vc_column][vc_column width=\u00a0\u00bb1\/6&Prime;][\/vc_column][\/vc_row][vc_row padding_top_multiplier=\u00a0\u00bb2x\u00a0\u00bb padding_bottom_multiplier=\u00a0\u00bb4x\u00a0\u00bb rc_bg_type=\u00a0\u00bbcolor\u00a0\u00bb rc_bg_color=\u00a0\u00bb#f6f6f6&Prime; section_id=\u00a0\u00bbpresentation\u00a0\u00bb][vc_column]<h3 class=\"grve-element grve-title grve-align-center grve-subtitle-text\" style=\"margin-bottom: 36px;\"><span><br>\n<p style=\"text-align: center;\">Services R&amp;D<br>\n<\/span><\/h3><div class=\"grve-empty-space grve-height-1x\"><\/div>\r\n<div class=\"grve-element grve-carousel grve-flexible-carousel\">\r\r\n\t<div class=\"grve-carousel-wrapper\">\r\r\n\t\t\r\n\t\t<div data-items=\"3\" data-items-tablet-landscape=\"3\" data-items-tablet-portrait=\"2\" data-items-mobile=\"1\" data-pagination=\"yes\" data-slider-autoheight=\"\" data-slider-autoplay=\"no\" data-slider-loop=\"no\" data-stage-padding=\"0\" class=\"grve-carousel-element grve-flexible-advanced-carousel flickity\">\r\r\n\t\t<div class=\"grve-element grve-fancy-box grve-align-center grve-bg-white\"><div class=\"grve-fancy-box-inner\"><div class=\"grve-fancy-box-icon\"><span class=\"grve-icon et-icon-anchor grve-text-black grve-medium\"><\/span><\/div><h3 class=\"grve-title grve-heading-color grve-h6\" style=\"\">Transformation digitale<\/h3><p class=\"grve-description\">Sofiatech accompagne ses partenaires dans la conception et la mise en \u0153uvre des strat\u00e9gies de transformation num\u00e9rique.<\/p><div class=\"grve-link-text grve-fancy-box-read-more\">En savoir plus<\/div>  <\/div><a href=\"https:\/\/sofia-technologies.com\/fr\/services-rd\/transformation-digitale\/\" class=\"grve-item-url \"><\/a><div class=\"grve-fancy-box-bg grve-bg-dark-grey\"><\/div><\/div><div class=\"grve-element grve-fancy-box grve-align-center grve-bg-white\"><div class=\"grve-fancy-box-inner\"><div class=\"grve-fancy-box-icon\"><span class=\"grve-icon et-icon-camera grve-text-black grve-medium\"><\/span><\/div><h3 class=\"grve-title grve-heading-color grve-h6\" style=\"\">Syst\u00e8mes \u00c9lectroniques<\/h3><p class=\"grve-description\">Votre produit \u00e9lectronique du concept \u00e0 l&rsquo;industrialisation.<\/p><div class=\"grve-link-text grve-fancy-box-read-more\">En savoir plus<\/div>  <\/div><a href=\"https:\/\/sofia-technologies.com\/fr\/services-rd\/systemes-electroniques\/\" class=\"grve-item-url \"><\/a><div class=\"grve-fancy-box-bg grve-bg-dark-grey\"><\/div><\/div><div class=\"grve-element grve-fancy-box grve-align-center grve-bg-white\"><div class=\"grve-fancy-box-inner\"><div class=\"grve-fancy-box-icon\"><span class=\"grve-icon et-icon-printer grve-text-black grve-medium\"><\/span><\/div><h3 class=\"grve-title grve-heading-color grve-h6\" style=\"\">Syst\u00e8mes embarqu\u00e9s<\/h3><p class=\"grve-description\">Sofiatech con\u00e7oit et int\u00e8gre des logiciels pour votre syst\u00e8me embarqu\u00e9.<\/p><div class=\"grve-link-text grve-fancy-box-read-more\">En savoir plus<\/div>  <\/div><a href=\"https:\/\/sofia-technologies.com\/fr\/services-rd\/systemes-embarques\/\" class=\"grve-item-url \"><\/a><div class=\"grve-fancy-box-bg grve-bg-dark-grey\"><\/div><\/div><div class=\"grve-element grve-fancy-box grve-align-center grve-bg-white\"><div class=\"grve-fancy-box-inner\"><div class=\"grve-fancy-box-icon\"><span class=\"grve-icon et-icon-toolbox grve-text-black grve-medium\"><\/span><\/div><h3 class=\"grve-title grve-heading-color grve-h6\" style=\"\">Cloud &amp; Devops<\/h3><p class=\"grve-description\">Sofiatech dsopsose de toutes les comp\u00e9tences pour r\u00e9alisation projets d&rsquo;int\u00e9gration ou de migration informatique.<\/p><div class=\"grve-link-text grve-fancy-box-read-more\">En savoir plus<\/div>  <\/div><a href=\"https:\/\/sofia-technologies.com\/fr\/services-rd\/cloud-devops\/\" class=\"grve-item-url \"><\/a><div class=\"grve-fancy-box-bg grve-bg-dark-grey\"><\/div><\/div>\r\n\t\t<\/div>\r\r\n\t<\/div>\r\r\n<\/div>\r\r\n[\/vc_column][\/vc_row]<\/p>\n","protected":false},"excerpt":{"rendered":"<p>[vc_row height_ratio=\u00a0\u00bb100&Prime; padding_top_multiplier=\u00a0\u00bbcustom\u00a0\u00bb padding_bottom_multiplier=\u00a0\u00bb3x\u00a0\u00bb columns_gap=\u00a0\u00bb30&Prime; tablet_height_ratio=\u00a0\u00bb100&Prime; tablet_sm_height_ratio=\u00a0\u00bb60&Prime; mobile_height_ratio=\u00a0\u00bb100&Prime; padding_top=\u00a0\u00bb7%\u00a0\u00bb][vc_column width=\u00a0\u00bb1\/2&Prime; vertical_content_position=\u00a0\u00bbmiddle\u00a0\u00bb rc_heading_color=\u00a0\u00bbprimary-1&Prime; tablet_sm_width=\u00a0\u00bb1-2&Prime; mobile_column_order=\u00a0\u00bb2&Prime; grve_css=\u00a0\u00bb{\u00ab\u00a0desktop\u00ab\u00a0:{\u00ab\u00a0z-index\u00ab\u00a0:3,\u00ab\u00a0class\u00ab\u00a0:\u00ab\u00a0grve-wpb-1644161404746\u00ab\u00a0},\u00ab\u00a0tablet_landscape\u00ab\u00a0:{\u00ab\u00a0z-index\u00ab\u00a0:3},\u00ab\u00a0tablet_portrait\u00ab\u00a0:{\u00ab\u00a0z-index\u00ab\u00a0:3}}\u00a0\u00bb][vc_row_inner][vc_column_inner mobile_width=\u00a0\u00bbhide\u00a0\u00bb][\/vc_column_inner][\/vc_row_inner][vc_row_inner][vc_column_inner width=\u00a0\u00bb1\/2&Prime;][vc_column_text animation=\u00a0\u00bbfade-in-up\u00a0\u00bb animation_delay=\u00a0\u00bb600&Prime;]Nous pouvons vous aider \u00e0 concevoir des produits et \u00e0 trouver les meilleures solutions au meilleur prix. Nos ing\u00e9nieurs cr\u00e9ent et mettent en \u0153uvre des proc\u00e9d\u00e9s solides pour garantir que votre nouveau produit soit fabriqu\u00e9 dans les [&hellip;]<\/p>\n","protected":false},"author":3,"featured_media":0,"parent":9609,"menu_order":0,"comment_status":"closed","ping_status":"closed","template":"","meta":{"content-type":"","om_disable_all_campaigns":false,"_mi_skip_tracking":false,"_monsterinsights_sitenote_active":false,"_monsterinsights_sitenote_note":"","_monsterinsights_sitenote_category":0,"footnotes":""},"aioseo_notices":[],"_links":{"self":[{"href":"https:\/\/sofia-technologies.com\/fr\/wp-json\/wp\/v2\/pages\/9616"}],"collection":[{"href":"https:\/\/sofia-technologies.com\/fr\/wp-json\/wp\/v2\/pages"}],"about":[{"href":"https:\/\/sofia-technologies.com\/fr\/wp-json\/wp\/v2\/types\/page"}],"author":[{"embeddable":true,"href":"https:\/\/sofia-technologies.com\/fr\/wp-json\/wp\/v2\/users\/3"}],"replies":[{"embeddable":true,"href":"https:\/\/sofia-technologies.com\/fr\/wp-json\/wp\/v2\/comments?post=9616"}],"version-history":[{"count":9,"href":"https:\/\/sofia-technologies.com\/fr\/wp-json\/wp\/v2\/pages\/9616\/revisions"}],"predecessor-version":[{"id":9821,"href":"https:\/\/sofia-technologies.com\/fr\/wp-json\/wp\/v2\/pages\/9616\/revisions\/9821"}],"up":[{"embeddable":true,"href":"https:\/\/sofia-technologies.com\/fr\/wp-json\/wp\/v2\/pages\/9609"}],"wp:attachment":[{"href":"https:\/\/sofia-technologies.com\/fr\/wp-json\/wp\/v2\/media?parent=9616"}],"curies":[{"name":"wp","href":"https:\/\/api.w.org\/{rel}","templated":true}]}}