{"id":9614,"date":"2022-05-30T16:26:55","date_gmt":"2022-05-30T14:26:55","guid":{"rendered":"https:\/\/sofia-technologies.com\/rd-services\/electronics-systems\/"},"modified":"2023-01-31T16:08:43","modified_gmt":"2023-01-31T15:08:43","slug":"systemes-electroniques","status":"publish","type":"page","link":"https:\/\/sofia-technologies.com\/fr\/services-rd\/systemes-electroniques\/","title":{"rendered":"Syst\u00e8mes \u00e9lectroniques"},"content":{"rendered":"<p>[vc_row height_ratio=\u00a0\u00bb100&Prime; padding_top_multiplier=\u00a0\u00bbcustom\u00a0\u00bb padding_bottom_multiplier=\u00a0\u00bbcustom\u00a0\u00bb columns_gap=\u00a0\u00bb30&Prime; tablet_height_ratio=\u00a0\u00bb100&Prime; tablet_sm_height_ratio=\u00a0\u00bb60&Prime; mobile_height_ratio=\u00a0\u00bb100&Prime; padding_top=\u00a0\u00bb7%\u00a0\u00bb padding_bottom=\u00a0\u00bb7%\u00a0\u00bb][vc_column width=\u00a0\u00bb1\/2&Prime; vertical_content_position=\u00a0\u00bbmiddle\u00a0\u00bb rc_heading_color=\u00a0\u00bbprimary-1&Prime; tablet_sm_width=\u00a0\u00bb1-2&Prime; mobile_column_order=\u00a0\u00bb2&Prime; grve_css=\u00a0\u00bb{\u00ab\u00a0desktop\u00ab\u00a0:{\u00ab\u00a0z-index\u00ab\u00a0:3,\u00ab\u00a0class\u00ab\u00a0:\u00ab\u00a0grve-wpb-1644161404746\u00ab\u00a0},\u00ab\u00a0tablet_landscape\u00ab\u00a0:{\u00ab\u00a0z-index\u00ab\u00a0:3},\u00ab\u00a0tablet_portrait\u00ab\u00a0:{\u00ab\u00a0z-index\u00ab\u00a0:3}}\u00a0\u00bb][vc_row_inner][vc_column_inner mobile_width=\u00a0\u00bbhide\u00a0\u00bb]<div class=\"grve-empty-space grve-height-2x\"><\/div>[\/vc_column_inner][\/vc_row_inner]<h1 data-clipping-color=\"black\" data-animation=\"colored-clipping-left\" data-delay=\"600\" data-duration=\"normal\" class=\"grve-element grve-title grve-align-left grve-clipping-animation grve-advanced-animation grve-colored-clipping grve-animated-item grve-h1 grve-tablet-sm-reset-increase-heading grve-mobile-reset-increase-heading grve-increase-heading grve-heading-160 nb_f\" style=\"margin-bottom: 20px;\"><span>Syst\u00e8mes \u00e9lectroniques<\/span><\/h1>[vc_row_inner][vc_column_inner width=\u00a0\u00bb1\/2&Prime;][vc_column_text animation=\u00a0\u00bbfade-in-up\u00a0\u00bb animation_delay=\u00a0\u00bb600&Prime;]Sofiatech vous apporte le support n\u00e9cessaire dans la simulation du design \u00e9lectronique, le prototypage (PCB &amp; PCBA), les tests (Bring-Up &amp; Fonctionnels), l&rsquo;int\u00e9gration m\u00e9canique, la validation finale et l&rsquo;industrialisation.[\/vc_column_text][\/vc_column_inner][vc_column_inner width=\u00a0\u00bb1\/2&Prime;][\/vc_column_inner][\/vc_row_inner]<div class=\"grve-empty-space grve-height-1x\"><\/div><div data-animation=\"fade-in-up\" data-delay=\"700\" data-duration=\"normal\" class=\"grve-element grve-align-inherit grve-animated-item\">\r\n<a href=\"#details\" title=\"About Us\" class=\"grve-btn grve-round grve-bg-black grve-border-black grve-bg-hover-primary-1 grve-border-hover-primary-1 grve-text-white grve-text-hover-white grve-btn-medium\">\r\r\n\t\r\n\t<span>En savoir plus<\/span>\r\r\n\t\r\n\t\r\n\t\r\n\t\t\r\n\t\r\n\t\r\n<\/a><\/div>[\/vc_column][vc_column width=\u00a0\u00bb1\/2&Prime; vertical_content_position=\u00a0\u00bbmiddle\u00a0\u00bb text_align=\u00a0\u00bbcenter\u00a0\u00bb tablet_sm_width=\u00a0\u00bb1-2&Prime; mobile_text_align=\u00a0\u00bbcenter\u00a0\u00bb mobile_column_order=\u00a0\u00bb1&Prime;]\r\n<div data-animation=\"clipping-right\" data-delay=\"200\" data-duration=\"normal\" class=\"grve-element grve-image grve-align-right grve-clipping-animation grve-advanced-animation grve-animated-item grve-image-space-150 grve-image-expand-width grve-mobile-reset-image-space\">\r\r\n\r\n\t<div class=\"grve-image-item\">\r\r\n\t\t\r\n\r\r\n\r\r\n<div class=\"grve-image-wrapper grve-no-effect\">\r\r\n\t\r\n\t<div class=\"grve-thumbnail-wrapper\"><div class=\"grve-thumbnail\"  style=\"padding-top: 66.667%;\"><img loading=\"lazy\" decoding=\"async\" width=\"600\" height=\"400\" src=\"https:\/\/sofia-technologies.com\/wp-content\/uploads\/2022\/05\/Electronics-Systems.jpg\" class=\"attachment-large size-large grve-lazy-load lazyload\" alt=\"Electronics-Systems\" data-column-space=\"150\" data-lazyload=\"\" data-grve-filter=\"yes\" srcset=\"https:\/\/sofia-technologies.com\/wp-content\/themes\/impeka\/images\/empty\/empty.png\" data-src=\"https:\/\/sofia-technologies.com\/wp-content\/uploads\/2022\/05\/Electronics-Systems.jpg\" data-sizes=\"auto\" data-srcset=\"https:\/\/sofia-technologies.com\/wp-content\/uploads\/2022\/05\/Electronics-Systems.jpg 600w, https:\/\/sofia-technologies.com\/wp-content\/uploads\/2022\/05\/Electronics-Systems-300x200.jpg 300w\" data-expand=\"1\" \/><\/div><\/div>\r\n\t\r\n<\/div>\r\r\n\r\n\t<\/div>\r\r\n<\/div>\r\r\n[\/vc_column][\/vc_row][vc_row padding_top_multiplier=\u00a0\u00bb3x\u00a0\u00bb padding_bottom_multiplier=\u00a0\u00bb\u00a0\u00bb rc_heading_color=\u00a0\u00bbwhite\u00a0\u00bb columns_gap=\u00a0\u00bbnone\u00a0\u00bb mobile_columns_vertical_gap=\u00a0\u00bbnone\u00a0\u00bb rc_font_color=\u00a0\u00bb#ffffff\u00a0\u00bb section_id=\u00a0\u00bbdetails\u00a0\u00bb][vc_column width=\u00a0\u00bb1\/2&Prime; rc_bg_type=\u00a0\u00bbimage\u00a0\u00bb animation=\u00a0\u00bbclipping\u00a0\u00bb clipping_animation=\u00a0\u00bbcolored-clipping-right\u00a0\u00bb clipping_animation_colors=\u00a0\u00bbprimary-2&Prime; animation_delay=\u00a0\u00bb600&Prime; tablet_sm_width=\u00a0\u00bb1&Prime; grve_css=\u00a0\u00bb{\u00ab\u00a0desktop\u00ab\u00a0:{\u00ab\u00a0margin-top\u00ab\u00a0:\u00ab\u00a0-7%\u00ab\u00a0,\u00ab\u00a0padding-top\u00ab\u00a0:\u00ab\u00a012%\u00ab\u00a0,\u00ab\u00a0padding-right\u00ab\u00a0:\u00ab\u00a012%\u00ab\u00a0,\u00ab\u00a0padding-bottom\u00ab\u00a0:\u00ab\u00a012%\u00ab\u00a0,\u00ab\u00a0padding-left\u00ab\u00a0:\u00ab\u00a012%\u00ab\u00a0,\u00ab\u00a0class\u00ab\u00a0:\u00ab\u00a0grve-wpb-1654097933136\u00ab\u00a0},\u00ab\u00a0tablet_landscape\u00ab\u00a0:{\u00ab\u00a0margin-top\u00ab\u00a0:\u00ab\u00a0-13%\u00ab\u00a0},\u00ab\u00a0tablet_portrait\u00ab\u00a0:{\u00ab\u00a0margin-top\u00ab\u00a0:\u00ab\u00a00\u00ab\u00a0},\u00ab\u00a0mobile_landscape\u00ab\u00a0:{\u00ab\u00a0margin-top\u00ab\u00a0:\u00ab\u00a00\u00ab\u00a0}}\u00a0\u00bb rc_bg_color=\u00a0\u00bb#003a70&Prime;]<h3 class=\"grve-element grve-title grve-align-inherit grve-h3\"><span>Design<br \/>\nPCB<\/span><\/h3>[vc_column_text]<\/p>\n<p style=\"color: #fff;\">Sofiatech fournit des services de CAD pour la conception de PCBs personnalis\u00e9s. Nos ing\u00e9nieurs sont capables de r\u00e9aliser la conception \u00e9lectronique des produits allant des produits grand public aux produits industriels. Ils accompagnent nos clients de l&rsquo;\u00e9tude de faisabilit\u00e9 jusqu&rsquo;\u00e0 l&rsquo;industrialisation.<\/p>\n<p style=\"color: #fff;\">Partant d&rsquo;un besoin client ou d&rsquo;une sp\u00e9cification technique, nos ing\u00e9nieurs interviennent d\u00e8s la phase amont de la conception. Nos \u00e9quipes vous accompagneront dans la d\u00e9finition de l&rsquo;architecture de la carte \u00e9lectronique, dans la s\u00e9lection des composants, dans la conception des sch\u00e9mas \u00e9lectroniques, etc.<\/p>\n<p>[\/vc_column_text][\/vc_column][vc_column width=\u00a0\u00bb1\/2&Prime; rc_bg_type=\u00a0\u00bbcolor\u00a0\u00bb animation=\u00a0\u00bbclipping\u00a0\u00bb clipping_animation=\u00a0\u00bbcolored-clipping-left\u00a0\u00bb clipping_animation_colors=\u00a0\u00bbprimary-5&Prime; animation_delay=\u00a0\u00bb600&Prime; tablet_sm_width=\u00a0\u00bb1&Prime; rc_bg_color=\u00a0\u00bb#ec8a00&Prime; grve_css=\u00a0\u00bb{\u00ab\u00a0desktop\u00ab\u00a0:{\u00ab\u00a0padding-top\u00ab\u00a0:\u00ab\u00a012%\u00ab\u00a0,\u00ab\u00a0padding-right\u00ab\u00a0:\u00ab\u00a012%\u00ab\u00a0,\u00ab\u00a0padding-bottom\u00ab\u00a0:\u00ab\u00a012%\u00ab\u00a0,\u00ab\u00a0padding-left\u00ab\u00a0:\u00ab\u00a012%\u00ab\u00a0,\u00ab\u00a0class\u00ab\u00a0:\u00ab\u00a0grve-wpb-1654525209915\u00ab\u00a0},\u00ab\u00a0tablet_portrait\u00ab\u00a0:{\u00ab\u00a0margin-bottom\u00ab\u00a0:\u00ab\u00a00\u00ab\u00a0},\u00ab\u00a0mobile_landscape\u00ab\u00a0:{\u00ab\u00a0margin-bottom\u00ab\u00a0:\u00ab\u00a00\u00ab\u00a0}}\u00a0\u00bb]<h3 class=\"grve-element grve-title grve-align-inherit grve-h3\"><span>Routage PCB et optimisation de Layout<\/span><\/h3>[vc_column_text]<\/p>\n<p style=\"color: #fff;\">Nos ing\u00e9nieurs vous aideront \u00e0 identifier les composants ad\u00e9quats pour garantir la performance et la conformit\u00e9 aux normes exig\u00e9es, en tenant en compte des probl\u00e8mes de p\u00e9nurie mondiale des composants \u00e9lectroniques. Nos ing\u00e9nieurs peuvent g\u00e9rer des PCB multicouches pour des circuits complexes.<\/p>\n<p style=\"color: #fff;\">La conception des designs \u00e9lectroniques est r\u00e9alis\u00e9e conform\u00e9ment aux exigences normatives et techniques d\u00e9crites dans les sp\u00e9cifications. Les recommandations des normes IPC sont appliqu\u00e9es dans la conception \u00e9lectronique et toutes les contraintes thermiques et dimensionnelles, l&rsquo;int\u00e9grit\u00e9 du signal, les contraintes d&rsquo;industrialisation et les besoins CEM sont int\u00e9gr\u00e9s dans tout le cycle de vie de la conception de la carte.<\/p>\n<p>[\/vc_column_text][\/vc_column][\/vc_row][vc_row padding_top_multiplier=\u00a0\u00bb5x\u00a0\u00bb padding_bottom_multiplier=\u00a0\u00bb2x\u00a0\u00bb rc_heading_color=\u00a0\u00bbwhite\u00a0\u00bb columns_gap=\u00a0\u00bbnone\u00a0\u00bb mobile_columns_vertical_gap=\u00a0\u00bbnone\u00a0\u00bb rc_font_color=\u00a0\u00bb#ffffff\u00a0\u00bb][vc_column width=\u00a0\u00bb1\/2&Prime; rc_bg_type=\u00a0\u00bbimage\u00a0\u00bb animation=\u00a0\u00bbclipping\u00a0\u00bb clipping_animation=\u00a0\u00bbcolored-clipping-right\u00a0\u00bb clipping_animation_colors=\u00a0\u00bbprimary-2&Prime; animation_delay=\u00a0\u00bb600&Prime; tablet_sm_width=\u00a0\u00bb1&Prime; grve_css=\u00a0\u00bb{\u00ab\u00a0desktop\u00ab\u00a0:{\u00ab\u00a0margin-top\u00ab\u00a0:\u00ab\u00a0-7%\u00ab\u00a0,\u00ab\u00a0padding-top\u00ab\u00a0:\u00ab\u00a012%\u00ab\u00a0,\u00ab\u00a0padding-right\u00ab\u00a0:\u00ab\u00a012%\u00ab\u00a0,\u00ab\u00a0padding-bottom\u00ab\u00a0:\u00ab\u00a012%\u00ab\u00a0,\u00ab\u00a0padding-left\u00ab\u00a0:\u00ab\u00a012%\u00ab\u00a0,\u00ab\u00a0class\u00ab\u00a0:\u00ab\u00a0grve-wpb-1654097944536\u00ab\u00a0},\u00ab\u00a0tablet_landscape\u00ab\u00a0:{\u00ab\u00a0margin-top\u00ab\u00a0:\u00ab\u00a0-13%\u00ab\u00a0},\u00ab\u00a0tablet_portrait\u00ab\u00a0:{\u00ab\u00a0margin-top\u00ab\u00a0:\u00ab\u00a00\u00ab\u00a0},\u00ab\u00a0mobile_landscape\u00ab\u00a0:{\u00ab\u00a0margin-top\u00ab\u00a0:\u00ab\u00a00\u00ab\u00a0}}\u00a0\u00bb rc_bg_color=\u00a0\u00bb#003a70&Prime;]<h3 class=\"grve-element grve-title grve-align-inherit grve-h3\"><span>Prototypage<br \/>\net Test<\/span><\/h3>[vc_column_text]<\/p>\n<p style=\"color: #fff;\">Notre \u00e9quipe d&rsquo;ing\u00e9nieurs teste vos cartes dans notre laboratoire de conception pour s&rsquo;assurer qu&rsquo;elles fonctionnent selon les normes exig\u00e9es.<\/p>\n<p style=\"color: #fff;\">Les v\u00e9rifications sont au d\u00e9but, effectu\u00e9es par inspection visuelle des prototypes. Ensuite, nos ing\u00e9nieurs effectuent les inspections pr\u00e9liminaires, \u00e0 savoir : les courts-circuits, l&rsquo;orientation des composants, la qualit\u00e9 de la soudure.<\/p>\n<p style=\"color: #fff;\">Il s\u2019ensuit la mise en place et l\u2019ex\u00e9cution d\u2019une s\u00e9rie de tests unitaires qui couvrent l\u2019ensemble des exigences fonctionnelles et non fonctionnelles du produit d\u00e9velopp\u00e9.<\/p>\n<p style=\"color: #fff;\">Les cartes sont soigneusement mises sous tension. Toutes les v\u00e9rifications et validations n\u00e9cessaires sont ensuite effectu\u00e9es pour assurer la conformit\u00e9 aux normes et aux exigences sp\u00e9cifiques.<\/p>\n<p>[\/vc_column_text][\/vc_column][vc_column width=\u00a0\u00bb1\/2&Prime; rc_bg_type=\u00a0\u00bbcolor\u00a0\u00bb animation=\u00a0\u00bbclipping\u00a0\u00bb clipping_animation=\u00a0\u00bbcolored-clipping-left\u00a0\u00bb clipping_animation_colors=\u00a0\u00bbprimary-5&Prime; animation_delay=\u00a0\u00bb600&Prime; tablet_sm_width=\u00a0\u00bb1&Prime; rc_bg_color=\u00a0\u00bb#ec8a00&Prime; grve_css=\u00a0\u00bb{\u00ab\u00a0desktop\u00ab\u00a0:{\u00ab\u00a0padding-top\u00ab\u00a0:\u00ab\u00a012%\u00ab\u00a0,\u00ab\u00a0padding-right\u00ab\u00a0:\u00ab\u00a012%\u00ab\u00a0,\u00ab\u00a0padding-bottom\u00ab\u00a0:\u00ab\u00a012%\u00ab\u00a0,\u00ab\u00a0padding-left\u00ab\u00a0:\u00ab\u00a012%\u00ab\u00a0,\u00ab\u00a0class\u00ab\u00a0:\u00ab\u00a0grve-wpb-1654525931963\u00ab\u00a0},\u00ab\u00a0tablet_portrait\u00ab\u00a0:{\u00ab\u00a0margin-bottom\u00ab\u00a0:\u00ab\u00a00\u00ab\u00a0},\u00ab\u00a0mobile_landscape\u00ab\u00a0:{\u00ab\u00a0margin-bottom\u00ab\u00a0:\u00ab\u00a00\u00ab\u00a0}}\u00a0\u00bb]<h3 class=\"grve-element grve-title grve-align-inherit grve-h3\"><span>Industrialisation<\/span><\/h3>[vc_column_text]<\/p>\n<p style=\"color: #fff;\">Pour garantir la fiabilit\u00e9 et la qualit\u00e9 des produits \u00e9lectroniques que nous d\u00e9veloppons, nous disposons d&rsquo;un d\u00e9partement d\u00e9di\u00e9 \u00e0 l&rsquo;industrialisation.<\/p>\n<p style=\"color: #fff;\">Nos ing\u00e9nieurs travaillent en \u00e9troite collaboration avec l&rsquo;\u00e9quipe de conception et avec le fabricant pour s&rsquo;assurer que les processus industriels sont bien optimis\u00e9s et fiables. Avec ce service, nous pouvons r\u00e9pondre aux exigences fonctionnelles, normatives et qualitatives les plus strictes.<br \/>\nLe processus d&rsquo;industrialisation permet d\u2019optimiser le co\u00fbt et d\u2019am\u00e9liorer la qualit\u00e9 et la fiabilit\u00e9 du produit dans une approche globale appel\u00e9e \u00ab DFX \u00bb. Cette approche implique le bureau d&rsquo;\u00e9tudes et l&rsquo;usine de fabrication tenant compte des diff\u00e9rentes phases de la vie du produit.<\/p>\n<p>[\/vc_column_text][\/vc_column][\/vc_row][vc_row padding_top_multiplier=\u00a0\u00bb2x\u00a0\u00bb padding_bottom_multiplier=\u00a0\u00bb4x\u00a0\u00bb rc_bg_type=\u00a0\u00bbcolor\u00a0\u00bb rc_bg_color=\u00a0\u00bb#f6f6f6&Prime; section_id=\u00a0\u00bbpresentation\u00a0\u00bb][vc_column]<h3 class=\"grve-element grve-title grve-align-center grve-subtitle-text\" style=\"margin-bottom: 36px;\"><span><br>\n<p style=\"text-align: center;\">R&amp;D Services<br>\n<\/span><\/h3><div class=\"grve-empty-space grve-height-1x\"><\/div>\r\n<div class=\"grve-element grve-carousel grve-flexible-carousel\">\r\r\n\t<div class=\"grve-carousel-wrapper\">\r\r\n\t\t\r\n\t\t<div data-items=\"3\" data-items-tablet-landscape=\"3\" data-items-tablet-portrait=\"2\" data-items-mobile=\"1\" data-pagination=\"yes\" data-slider-autoheight=\"\" data-slider-autoplay=\"no\" data-slider-loop=\"no\" data-stage-padding=\"0\" class=\"grve-carousel-element grve-flexible-advanced-carousel flickity\">\r\r\n\t\t<div class=\"grve-element grve-fancy-box grve-align-center grve-bg-white\"><div class=\"grve-fancy-box-inner\"><div class=\"grve-fancy-box-icon\"><span class=\"grve-icon et-icon-mobile grve-text-black grve-medium\"><\/span><\/div><h3 class=\"grve-title grve-heading-color grve-h6\" style=\"\">Ing\u00e9nierie produit<\/h3><p class=\"grve-description\">Sofiatech est sp\u00e9cialis\u00e9e dans l&rsquo;ing\u00e9nierie produit.<\/p><div class=\"grve-link-text grve-fancy-box-read-more\">En savoir plus<\/div>  <\/div><a href=\"https:\/\/sofia-technologies.com\/fr\/services-rd\/ingenierie-produit\/\" class=\"grve-item-url \"><\/a><div class=\"grve-fancy-box-bg grve-bg-dark-grey\"><\/div><\/div><div class=\"grve-element grve-fancy-box grve-align-center grve-bg-white\"><div class=\"grve-fancy-box-inner\"><div class=\"grve-fancy-box-icon\"><span class=\"grve-icon et-icon-anchor grve-text-black grve-medium\"><\/span><\/div><h3 class=\"grve-title grve-heading-color grve-h6\" style=\"\">Transformation digitale<\/h3><p class=\"grve-description\">Sofiatech accompagne ses partenaires dans la conception et la mise en \u0153uvre des strat\u00e9gies de transformation num\u00e9rique.<\/p><div class=\"grve-link-text grve-fancy-box-read-more\">En savoir plus<\/div>  <\/div><a href=\"https:\/\/sofia-technologies.com\/fr\/services-rd\/transformation-digitale\/\" class=\"grve-item-url \"><\/a><div class=\"grve-fancy-box-bg grve-bg-dark-grey\"><\/div><\/div><div class=\"grve-element grve-fancy-box grve-align-center grve-bg-white\"><div class=\"grve-fancy-box-inner\"><div class=\"grve-fancy-box-icon\"><span class=\"grve-icon et-icon-printer grve-text-black grve-medium\"><\/span><\/div><h3 class=\"grve-title grve-heading-color grve-h6\" style=\"\">Syst\u00e8mes embarqu\u00e9s<\/h3><p class=\"grve-description\">Sofiatech con\u00e7oit et int\u00e8gre des logiciels pour votre syst\u00e8me embarqu\u00e9.<\/p><div class=\"grve-link-text grve-fancy-box-read-more\">En savoir plus<\/div>  <\/div><a href=\"https:\/\/sofia-technologies.com\/fr\/services-rd\/systemes-embarques\/\" class=\"grve-item-url \"><\/a><div class=\"grve-fancy-box-bg grve-bg-dark-grey\"><\/div><\/div><div class=\"grve-element grve-fancy-box grve-align-center grve-bg-white\"><div class=\"grve-fancy-box-inner\"><div class=\"grve-fancy-box-icon\"><span class=\"grve-icon et-icon-toolbox grve-text-black grve-medium\"><\/span><\/div><h3 class=\"grve-title grve-heading-color grve-h6\" style=\"\">Cloud &amp; Devops<\/h3><p class=\"grve-description\">Sofiatech dsopsose de toutes les comp\u00e9tences pour r\u00e9alisation projets d&rsquo;int\u00e9gration ou de migration informatique.<\/p><div class=\"grve-link-text grve-fancy-box-read-more\">En savoir plus<\/div>  <\/div><a href=\"https:\/\/sofia-technologies.com\/fr\/services-rd\/cloud-devops\/\" class=\"grve-item-url \"><\/a><div class=\"grve-fancy-box-bg grve-bg-dark-grey\"><\/div><\/div>\r\n\t\t<\/div>\r\r\n\t<\/div>\r\r\n<\/div>\r\r\n[\/vc_column][\/vc_row][vc_row][vc_column][vc_column_text]<\/p>\n<p>[\/vc_column_text][\/vc_column][\/vc_row]<\/p>\n","protected":false},"excerpt":{"rendered":"<p>[vc_row height_ratio=\u00a0\u00bb100&Prime; padding_top_multiplier=\u00a0\u00bbcustom\u00a0\u00bb padding_bottom_multiplier=\u00a0\u00bbcustom\u00a0\u00bb columns_gap=\u00a0\u00bb30&Prime; tablet_height_ratio=\u00a0\u00bb100&Prime; tablet_sm_height_ratio=\u00a0\u00bb60&Prime; mobile_height_ratio=\u00a0\u00bb100&Prime; padding_top=\u00a0\u00bb7%\u00a0\u00bb padding_bottom=\u00a0\u00bb7%\u00a0\u00bb][vc_column width=\u00a0\u00bb1\/2&Prime; vertical_content_position=\u00a0\u00bbmiddle\u00a0\u00bb rc_heading_color=\u00a0\u00bbprimary-1&Prime; tablet_sm_width=\u00a0\u00bb1-2&Prime; mobile_column_order=\u00a0\u00bb2&Prime; grve_css=\u00a0\u00bb{\u00ab\u00a0desktop\u00ab\u00a0:{\u00ab\u00a0z-index\u00ab\u00a0:3,\u00ab\u00a0class\u00ab\u00a0:\u00ab\u00a0grve-wpb-1644161404746\u00ab\u00a0},\u00ab\u00a0tablet_landscape\u00ab\u00a0:{\u00ab\u00a0z-index\u00ab\u00a0:3},\u00ab\u00a0tablet_portrait\u00ab\u00a0:{\u00ab\u00a0z-index\u00ab\u00a0:3}}\u00a0\u00bb][vc_row_inner][vc_column_inner mobile_width=\u00a0\u00bbhide\u00a0\u00bb][\/vc_column_inner][\/vc_row_inner][vc_row_inner][vc_column_inner width=\u00a0\u00bb1\/2&Prime;][vc_column_text animation=\u00a0\u00bbfade-in-up\u00a0\u00bb animation_delay=\u00a0\u00bb600&Prime;]Sofiatech vous apporte le support n\u00e9cessaire dans la simulation du design \u00e9lectronique, le prototypage (PCB &amp; PCBA), les tests (Bring-Up &amp; Fonctionnels), l&rsquo;int\u00e9gration m\u00e9canique, la validation finale et l&rsquo;industrialisation.[\/vc_column_text][\/vc_column_inner][vc_column_inner width=\u00a0\u00bb1\/2&Prime;][\/vc_column_inner][\/vc_row_inner][\/vc_column][vc_column width=\u00a0\u00bb1\/2&Prime; vertical_content_position=\u00a0\u00bbmiddle\u00a0\u00bb text_align=\u00a0\u00bbcenter\u00a0\u00bb tablet_sm_width=\u00a0\u00bb1-2&Prime; mobile_text_align=\u00a0\u00bbcenter\u00a0\u00bb mobile_column_order=\u00a0\u00bb1&Prime;][\/vc_column][\/vc_row][vc_row [&hellip;]<\/p>\n","protected":false},"author":3,"featured_media":0,"parent":9609,"menu_order":0,"comment_status":"closed","ping_status":"closed","template":"","meta":{"content-type":"","om_disable_all_campaigns":false,"_mi_skip_tracking":false,"_monsterinsights_sitenote_active":false,"_monsterinsights_sitenote_note":"","_monsterinsights_sitenote_category":0,"footnotes":""},"aioseo_notices":[],"_links":{"self":[{"href":"https:\/\/sofia-technologies.com\/fr\/wp-json\/wp\/v2\/pages\/9614"}],"collection":[{"href":"https:\/\/sofia-technologies.com\/fr\/wp-json\/wp\/v2\/pages"}],"about":[{"href":"https:\/\/sofia-technologies.com\/fr\/wp-json\/wp\/v2\/types\/page"}],"author":[{"embeddable":true,"href":"https:\/\/sofia-technologies.com\/fr\/wp-json\/wp\/v2\/users\/3"}],"replies":[{"embeddable":true,"href":"https:\/\/sofia-technologies.com\/fr\/wp-json\/wp\/v2\/comments?post=9614"}],"version-history":[{"count":9,"href":"https:\/\/sofia-technologies.com\/fr\/wp-json\/wp\/v2\/pages\/9614\/revisions"}],"predecessor-version":[{"id":9702,"href":"https:\/\/sofia-technologies.com\/fr\/wp-json\/wp\/v2\/pages\/9614\/revisions\/9702"}],"up":[{"embeddable":true,"href":"https:\/\/sofia-technologies.com\/fr\/wp-json\/wp\/v2\/pages\/9609"}],"wp:attachment":[{"href":"https:\/\/sofia-technologies.com\/fr\/wp-json\/wp\/v2\/media?parent=9614"}],"curies":[{"name":"wp","href":"https:\/\/api.w.org\/{rel}","templated":true}]}}