{"id":9613,"date":"2022-04-28T10:51:02","date_gmt":"2022-04-28T08:51:02","guid":{"rendered":"https:\/\/sofia-technologies.com\/rd-services\/digital-transformation\/"},"modified":"2023-01-31T16:32:19","modified_gmt":"2023-01-31T15:32:19","slug":"services-de-transformation-digitale","status":"publish","type":"page","link":"https:\/\/sofia-technologies.com\/fr\/services-rd\/services-de-transformation-digitale\/","title":{"rendered":"Transformation digitale"},"content":{"rendered":"<p>[vc_row height_ratio=\u00a0\u00bb100&Prime; padding_top_multiplier=\u00a0\u00bbcustom\u00a0\u00bb padding_bottom_multiplier=\u00a0\u00bb2x\u00a0\u00bb columns_gap=\u00a0\u00bb30&Prime; tablet_height_ratio=\u00a0\u00bb100&Prime; tablet_sm_height_ratio=\u00a0\u00bb60&Prime; mobile_height_ratio=\u00a0\u00bb100&Prime; padding_top=\u00a0\u00bb7%\u00a0\u00bb][vc_column width=\u00a0\u00bb1\/2&Prime; vertical_content_position=\u00a0\u00bbmiddle\u00a0\u00bb rc_heading_color=\u00a0\u00bbprimary-1&Prime; tablet_sm_width=\u00a0\u00bb1-2&Prime; mobile_column_order=\u00a0\u00bb2&Prime; grve_css=\u00a0\u00bb{\u00ab\u00a0desktop\u00ab\u00a0:{\u00ab\u00a0z-index\u00ab\u00a0:3,\u00ab\u00a0class\u00ab\u00a0:\u00ab\u00a0grve-wpb-1644161404746\u00ab\u00a0},\u00ab\u00a0tablet_landscape\u00ab\u00a0:{\u00ab\u00a0z-index\u00ab\u00a0:3},\u00ab\u00a0tablet_portrait\u00ab\u00a0:{\u00ab\u00a0z-index\u00ab\u00a0:3}}\u00a0\u00bb][vc_row_inner][vc_column_inner mobile_width=\u00a0\u00bbhide\u00a0\u00bb]<div class=\"grve-empty-space grve-height-2x\"><\/div>[\/vc_column_inner][\/vc_row_inner]<h1 data-clipping-color=\"black\" data-animation=\"colored-clipping-left\" data-delay=\"600\" data-duration=\"normal\" class=\"grve-element grve-title grve-align-left grve-clipping-animation grve-advanced-animation grve-colored-clipping grve-animated-item grve-h1 grve-tablet-sm-reset-increase-heading grve-mobile-reset-increase-heading grve-increase-heading grve-heading-140 nb_f\" style=\"margin-bottom: 20px;\"><span>Transformation digitale<\/span><\/h1>[vc_row_inner][vc_column_inner width=\u00a0\u00bb1\/2&Prime;][vc_column_text animation=\u00a0\u00bbfade-in-up\u00a0\u00bb animation_delay=\u00a0\u00bb600&Prime;]Sofiatech est votre partenaire de confiance pour d\u00e9velopper des solutions de service innovantes, rapides et fiables.<br \/>\nSofiatech vous accompagne dans l&rsquo;int\u00e9gration de la technologie num\u00e9rique dans tous vos process et dans votre organisation, changeant totalement la fa\u00e7on avec laquelle vous cr\u00e9erez de la valeur.[\/vc_column_text][\/vc_column_inner][vc_column_inner width=\u00a0\u00bb1\/2&Prime;][\/vc_column_inner][\/vc_row_inner]<div class=\"grve-empty-space grve-height-1x\"><\/div><div data-animation=\"fade-in-up\" data-delay=\"700\" data-duration=\"normal\" class=\"grve-element grve-align-inherit grve-animated-item\">\r\n<a href=\"#details\" title=\"About Us\" class=\"grve-btn grve-round grve-bg-black grve-border-black grve-bg-hover-primary-1 grve-border-hover-primary-1 grve-text-white grve-text-hover-white grve-btn-medium\">\r\r\n\t\r\n\t<span>En savoir plus<\/span>\r\r\n\t\r\n\t\r\n\t\r\n\t\t\r\n\t\r\n\t\r\n<\/a><\/div>[\/vc_column][vc_column width=\u00a0\u00bb1\/2&Prime; vertical_content_position=\u00a0\u00bbmiddle\u00a0\u00bb text_align=\u00a0\u00bbcenter\u00a0\u00bb tablet_sm_width=\u00a0\u00bb1-2&Prime; mobile_text_align=\u00a0\u00bbcenter\u00a0\u00bb mobile_column_order=\u00a0\u00bb1&Prime;]\r\n<div data-animation=\"clipping-right\" data-delay=\"200\" data-duration=\"normal\" class=\"grve-element grve-image grve-align-right grve-clipping-animation grve-advanced-animation grve-animated-item grve-image-space-150 grve-image-expand-width grve-mobile-reset-image-space\">\r\r\n\r\n\t<div class=\"grve-image-item\">\r\r\n\t\t\r\n\r\r\n\r\r\n<div class=\"grve-image-wrapper grve-no-effect\">\r\r\n\t\r\n\t<div class=\"grve-thumbnail-wrapper\"><div class=\"grve-thumbnail\"  style=\"padding-top: 56.25%;\"><img loading=\"lazy\" decoding=\"async\" width=\"1024\" height=\"576\" src=\"https:\/\/sofia-technologies.com\/wp-content\/uploads\/2022\/06\/digital-transformation-1.jpg\" class=\"attachment-large size-large grve-lazy-load lazyload\" alt=\"Diagramme montrant les diff\u00e9rentes \u00e9tapes de la transformation num\u00e9rique\" data-column-space=\"150\" data-lazyload=\"\" data-grve-filter=\"yes\" srcset=\"https:\/\/sofia-technologies.com\/wp-content\/themes\/impeka\/images\/empty\/empty.png\" data-src=\"https:\/\/sofia-technologies.com\/wp-content\/uploads\/2022\/06\/digital-transformation-1.jpg\" data-sizes=\"auto\" data-srcset=\"https:\/\/sofia-technologies.com\/wp-content\/uploads\/2022\/06\/digital-transformation-1.jpg 1024w, https:\/\/sofia-technologies.com\/wp-content\/uploads\/2022\/06\/digital-transformation-1-300x169.jpg 300w, https:\/\/sofia-technologies.com\/wp-content\/uploads\/2022\/06\/digital-transformation-1-768x432.jpg 768w\" data-expand=\"1\" \/><\/div><\/div>\r\n\t\r\n<\/div>\r\r\n\r\n\t<\/div>\r\r\n<\/div>\r\r\n[\/vc_column][\/vc_row][vc_row][vc_column][vc_column_text]<\/p>\n<p style=\"text-align: center;\">Sofiatech poss\u00e8de une vraie expertise dans le <span class=\"grve-underline grve-line-primary-2 grve-active\">d\u00e9veloppement d&rsquo;applications web et mobiles<\/span>. Les \u00e9quipes de Sofiatech vous accompagneront en vous offrant diff\u00e9rentes applications et solutions \u00e9volutives pour une vari\u00e9t\u00e9 de secteurs verticaux.<\/p>\n<p style=\"text-align: center;\">Nous adoptons une gestion de <span class=\"grve-underline grve-line-primary-2 grve-active\">projet agile<\/span> o\u00f9 nous cr\u00e9ons, avec vous, des applications mobiles natives mais aussi multiplateformes. Vos applications fonctionneront ainsi sur n&rsquo;importe quel appareil ou plate-forme Android\\iOS.<\/p>\n<p style=\"text-align: center;\">Quelle que soit la technologie sur laquelle elle repose, les applications seront <span class=\"grve-underline grve-line-primary-2 grve-active\">s\u00e9curis\u00e9es, \u00e9volutives et durables<\/span> ind\u00e9pendamment de l&rsquo;environnement sur lequel elles sont h\u00e9berg\u00e9es.<\/p>\n<p style=\"text-align: center;\">Sofiatech propose un mod\u00e8le de coop\u00e9ration rod\u00e9 et hautement flexible qui commence par une \u00e9valuation compl\u00e8te de vos besoins, en tenant compte de vos contraintes budg\u00e9taires garantissant ainsi le <span class=\"grve-underline grve-line-primary-2 grve-active\">respect de vos objectifs en terme de co\u00fbt, qualit\u00e9 et d\u00e9lais<\/span>.<\/p>\n<p>[\/vc_column_text][\/vc_column][\/vc_row][vc_row padding_top_multiplier=\u00a0\u00bb2x\u00a0\u00bb padding_bottom_multiplier=\u00a0\u00bb4x\u00a0\u00bb rc_bg_type=\u00a0\u00bbcolor\u00a0\u00bb rc_bg_color=\u00a0\u00bb#f6f6f6&Prime; section_id=\u00a0\u00bbdetails\u00a0\u00bb][vc_column]<h3 class=\"grve-element grve-title grve-align-center grve-subtitle-text\" style=\"margin-bottom: 36px;\"><span><br>\n<p style=\"text-align: center;\">Services R&amp;D<br>\n<\/span><\/h3><div class=\"grve-empty-space grve-height-1x\"><\/div>\r\n<div class=\"grve-element grve-carousel grve-flexible-carousel\">\r\r\n\t<div class=\"grve-carousel-wrapper\">\r\r\n\t\t\r\n\t\t<div data-items=\"3\" data-items-tablet-landscape=\"3\" data-items-tablet-portrait=\"2\" data-items-mobile=\"1\" data-pagination=\"yes\" data-slider-autoheight=\"\" data-slider-autoplay=\"no\" data-slider-loop=\"no\" data-stage-padding=\"0\" class=\"grve-carousel-element grve-flexible-advanced-carousel flickity\">\r\r\n\t\t<div class=\"grve-element grve-fancy-box grve-align-center grve-bg-white\"><div class=\"grve-fancy-box-inner\"><div class=\"grve-fancy-box-icon\"><span class=\"grve-icon et-icon-mobile grve-text-black grve-medium\"><\/span><\/div><h3 class=\"grve-title grve-heading-color grve-h6\" style=\"\">Ing\u00e9nierie produit<\/h3><p class=\"grve-description\">Sofiatech est sp\u00e9cialis\u00e9e dans l&rsquo;ing\u00e9nierie produit.<\/p><div class=\"grve-link-text grve-fancy-box-read-more\">En savoir plus<\/div>  <\/div><a href=\"https:\/\/sofia-technologies.com\/fr\/services-rd\/ingenierie-produit\/\" class=\"grve-item-url \"><\/a><div class=\"grve-fancy-box-bg grve-bg-dark-grey\"><\/div><\/div><div class=\"grve-element grve-fancy-box grve-align-center grve-bg-white\"><div class=\"grve-fancy-box-inner\"><div class=\"grve-fancy-box-icon\"><span class=\"grve-icon et-icon-camera grve-text-black grve-medium\"><\/span><\/div><h3 class=\"grve-title grve-heading-color grve-h6\" style=\"\">Syst\u00e8mes \u00c9lectroniques<\/h3><p class=\"grve-description\">Votre produit \u00e9lectronique du concept \u00e0 l&rsquo;industrialisation.<\/p><div class=\"grve-link-text grve-fancy-box-read-more\">En savoir plus<\/div>  <\/div><a href=\"https:\/\/sofia-technologies.com\/fr\/services-rd\/systemes-electroniques\/\" class=\"grve-item-url \"><\/a><div class=\"grve-fancy-box-bg grve-bg-dark-grey\"><\/div><\/div><div class=\"grve-element grve-fancy-box grve-align-center grve-bg-white\"><div class=\"grve-fancy-box-inner\"><div class=\"grve-fancy-box-icon\"><span class=\"grve-icon et-icon-printer grve-text-black grve-medium\"><\/span><\/div><h3 class=\"grve-title grve-heading-color grve-h6\" style=\"\">Syst\u00e8mes embarqu\u00e9s<\/h3><p class=\"grve-description\">Sofiatech con\u00e7oit et int\u00e8gre des logiciels pour votre syst\u00e8me embarqu\u00e9.<\/p><div class=\"grve-link-text grve-fancy-box-read-more\">En savoir plus<\/div>  <\/div><a href=\"https:\/\/sofia-technologies.com\/fr\/services-rd\/systemes-embarques\/\" class=\"grve-item-url \"><\/a><div class=\"grve-fancy-box-bg grve-bg-dark-grey\"><\/div><\/div><div class=\"grve-element grve-fancy-box grve-align-center grve-bg-white\"><div class=\"grve-fancy-box-inner\"><div class=\"grve-fancy-box-icon\"><span class=\"grve-icon et-icon-toolbox grve-text-black grve-medium\"><\/span><\/div><h3 class=\"grve-title grve-heading-color grve-h6\" style=\"\">Cloud &amp; Devops<\/h3><p class=\"grve-description\">Sofiatech dsopsose de toutes les comp\u00e9tences pour r\u00e9alisation projets d&rsquo;int\u00e9gration ou de migration informatique.<\/p><div class=\"grve-link-text grve-fancy-box-read-more\">En savoir plus<\/div>  <\/div><a href=\"https:\/\/sofia-technologies.com\/fr\/services-rd\/cloud-devops\/\" class=\"grve-item-url \"><\/a><div class=\"grve-fancy-box-bg grve-bg-dark-grey\"><\/div><\/div>\r\n\t\t<\/div>\r\r\n\t<\/div>\r\r\n<\/div>\r\r\n[\/vc_column][\/vc_row]<\/p>\n","protected":false},"excerpt":{"rendered":"<p>[vc_row height_ratio=\u00a0\u00bb100&Prime; padding_top_multiplier=\u00a0\u00bbcustom\u00a0\u00bb padding_bottom_multiplier=\u00a0\u00bb2x\u00a0\u00bb columns_gap=\u00a0\u00bb30&Prime; tablet_height_ratio=\u00a0\u00bb100&Prime; tablet_sm_height_ratio=\u00a0\u00bb60&Prime; mobile_height_ratio=\u00a0\u00bb100&Prime; padding_top=\u00a0\u00bb7%\u00a0\u00bb][vc_column width=\u00a0\u00bb1\/2&Prime; vertical_content_position=\u00a0\u00bbmiddle\u00a0\u00bb rc_heading_color=\u00a0\u00bbprimary-1&Prime; tablet_sm_width=\u00a0\u00bb1-2&Prime; mobile_column_order=\u00a0\u00bb2&Prime; grve_css=\u00a0\u00bb{\u00ab\u00a0desktop\u00ab\u00a0:{\u00ab\u00a0z-index\u00ab\u00a0:3,\u00ab\u00a0class\u00ab\u00a0:\u00ab\u00a0grve-wpb-1644161404746\u00ab\u00a0},\u00ab\u00a0tablet_landscape\u00ab\u00a0:{\u00ab\u00a0z-index\u00ab\u00a0:3},\u00ab\u00a0tablet_portrait\u00ab\u00a0:{\u00ab\u00a0z-index\u00ab\u00a0:3}}\u00a0\u00bb][vc_row_inner][vc_column_inner mobile_width=\u00a0\u00bbhide\u00a0\u00bb][\/vc_column_inner][\/vc_row_inner][vc_row_inner][vc_column_inner width=\u00a0\u00bb1\/2&Prime;][vc_column_text animation=\u00a0\u00bbfade-in-up\u00a0\u00bb animation_delay=\u00a0\u00bb600&Prime;]Sofiatech est votre partenaire de confiance pour d\u00e9velopper des solutions de service innovantes, rapides et fiables. Sofiatech vous accompagne dans l&rsquo;int\u00e9gration de la technologie num\u00e9rique dans tous vos process et dans votre organisation, changeant totalement la fa\u00e7on [&hellip;]<\/p>\n","protected":false},"author":3,"featured_media":0,"parent":9609,"menu_order":0,"comment_status":"closed","ping_status":"closed","template":"","meta":{"content-type":"","om_disable_all_campaigns":false,"_mi_skip_tracking":false,"_monsterinsights_sitenote_active":false,"_monsterinsights_sitenote_note":"","_monsterinsights_sitenote_category":0,"footnotes":""},"aioseo_notices":[],"_links":{"self":[{"href":"https:\/\/sofia-technologies.com\/fr\/wp-json\/wp\/v2\/pages\/9613"}],"collection":[{"href":"https:\/\/sofia-technologies.com\/fr\/wp-json\/wp\/v2\/pages"}],"about":[{"href":"https:\/\/sofia-technologies.com\/fr\/wp-json\/wp\/v2\/types\/page"}],"author":[{"embeddable":true,"href":"https:\/\/sofia-technologies.com\/fr\/wp-json\/wp\/v2\/users\/3"}],"replies":[{"embeddable":true,"href":"https:\/\/sofia-technologies.com\/fr\/wp-json\/wp\/v2\/comments?post=9613"}],"version-history":[{"count":6,"href":"https:\/\/sofia-technologies.com\/fr\/wp-json\/wp\/v2\/pages\/9613\/revisions"}],"predecessor-version":[{"id":9704,"href":"https:\/\/sofia-technologies.com\/fr\/wp-json\/wp\/v2\/pages\/9613\/revisions\/9704"}],"up":[{"embeddable":true,"href":"https:\/\/sofia-technologies.com\/fr\/wp-json\/wp\/v2\/pages\/9609"}],"wp:attachment":[{"href":"https:\/\/sofia-technologies.com\/fr\/wp-json\/wp\/v2\/media?parent=9613"}],"curies":[{"name":"wp","href":"https:\/\/api.w.org\/{rel}","templated":true}]}}