{"id":9609,"date":"2022-04-28T10:47:49","date_gmt":"2022-04-28T08:47:49","guid":{"rendered":"https:\/\/sofia-technologies.com\/rd-services\/"},"modified":"2023-01-31T17:01:52","modified_gmt":"2023-01-31T16:01:52","slug":"services-rd","status":"publish","type":"page","link":"https:\/\/sofia-technologies.com\/fr\/services-rd\/","title":{"rendered":"Services R&#038;D"},"content":{"rendered":"<p>[vc_row height_ratio=\u00a0\u00bb100&Prime; padding_top_multiplier=\u00a0\u00bbcustom\u00a0\u00bb padding_bottom_multiplier=\u00a0\u00bbcustom\u00a0\u00bb columns_gap=\u00a0\u00bb30&Prime; tablet_height_ratio=\u00a0\u00bb100&Prime; tablet_sm_height_ratio=\u00a0\u00bb60&Prime; mobile_height_ratio=\u00a0\u00bb100&Prime; padding_top=\u00a0\u00bb7%\u00a0\u00bb padding_bottom=\u00a0\u00bb7%\u00a0\u00bb][vc_column width=\u00a0\u00bb1\/2&Prime; vertical_content_position=\u00a0\u00bbmiddle\u00a0\u00bb rc_heading_color=\u00a0\u00bbprimary-1&Prime; tablet_sm_width=\u00a0\u00bb1-2&Prime; mobile_column_order=\u00a0\u00bb2&Prime; grve_css=\u00a0\u00bb{\u00ab\u00a0desktop\u00ab\u00a0:{\u00ab\u00a0z-index\u00ab\u00a0:3,\u00ab\u00a0class\u00ab\u00a0:\u00ab\u00a0grve-wpb-1644161404746\u00ab\u00a0},\u00ab\u00a0tablet_landscape\u00ab\u00a0:{\u00ab\u00a0z-index\u00ab\u00a0:3},\u00ab\u00a0tablet_portrait\u00ab\u00a0:{\u00ab\u00a0z-index\u00ab\u00a0:3}}\u00a0\u00bb][vc_row_inner][vc_column_inner mobile_width=\u00a0\u00bbhide\u00a0\u00bb]<div class=\"grve-empty-space grve-height-2x\"><\/div>[\/vc_column_inner][\/vc_row_inner]<h1 data-clipping-color=\"black\" data-animation=\"colored-clipping-left\" data-delay=\"600\" data-duration=\"normal\" class=\"grve-element grve-title grve-align-left grve-clipping-animation grve-advanced-animation grve-colored-clipping grve-animated-item grve-h1 grve-tablet-sm-reset-increase-heading grve-mobile-reset-increase-heading grve-increase-heading grve-heading-160 nb_f\" style=\"margin-bottom: 20px;\"><span>Services R&amp;D<\/span><\/h1>[vc_row_inner][vc_column_inner width=\u00a0\u00bb1\/2&Prime;][vc_column_text animation=\u00a0\u00bbfade-in-up\u00a0\u00bb animation_delay=\u00a0\u00bb600&Prime;]Sofiatech assiste vos \u00e9quipes R&amp;D en mettant \u00e0 disposition des experts en \u00e9lectronique et en d\u00e9veloppement logiciel, test et DevOps, que ce soit pour l&rsquo;IT, le Cloud ou les syst\u00e8mes embarqu\u00e9s.[\/vc_column_text][\/vc_column_inner][vc_column_inner width=\u00a0\u00bb1\/2&Prime;][\/vc_column_inner][\/vc_row_inner]<div class=\"grve-empty-space grve-height-1x\"><\/div><div data-animation=\"fade-in-up\" data-delay=\"700\" data-duration=\"normal\" class=\"grve-element grve-align-inherit grve-animated-item\">\r\n<a href=\"#presentation\" title=\"About Us\" class=\"grve-btn grve-round grve-bg-black grve-border-black grve-bg-hover-primary-1 grve-border-hover-primary-1 grve-text-white grve-text-hover-white grve-btn-medium\">\r\r\n\t\r\n\t<span>En savoir plus<\/span>\r\r\n\t\r\n\t\r\n\t\r\n\t\t\r\n\t\r\n\t\r\n<\/a><\/div>[\/vc_column][vc_column width=\u00a0\u00bb1\/2&Prime; vertical_content_position=\u00a0\u00bbmiddle\u00a0\u00bb text_align=\u00a0\u00bbcenter\u00a0\u00bb tablet_sm_width=\u00a0\u00bb1-2&Prime; mobile_text_align=\u00a0\u00bbcenter\u00a0\u00bb mobile_column_order=\u00a0\u00bb1&Prime;]\r\n<div data-animation=\"clipping-right\" data-delay=\"200\" data-duration=\"normal\" class=\"grve-element grve-image grve-align-right grve-clipping-animation grve-advanced-animation grve-animated-item grve-image-space-150 grve-image-expand-width grve-mobile-reset-image-space\">\r\r\n\r\n\t<div class=\"grve-image-item\">\r\r\n\t\t\r\n\r\r\n\r\r\n<div class=\"grve-image-wrapper grve-no-effect\">\r\r\n\t\r\n\t<div class=\"grve-thumbnail-wrapper\"><div class=\"grve-thumbnail\"  style=\"padding-top: 56.25%;\"><img loading=\"lazy\" decoding=\"async\" width=\"1024\" height=\"576\" src=\"https:\/\/sofia-technologies.com\/wp-content\/uploads\/2022\/05\/RD-services-1024x576.jpg\" class=\"attachment-large size-large grve-lazy-load lazyload\" alt=\"RD-services\" data-column-space=\"150\" data-lazyload=\"\" data-grve-filter=\"yes\" srcset=\"https:\/\/sofia-technologies.com\/wp-content\/themes\/impeka\/images\/empty\/empty.png\" data-src=\"https:\/\/sofia-technologies.com\/wp-content\/uploads\/2022\/05\/RD-services-1024x576.jpg\" data-sizes=\"auto\" data-srcset=\"https:\/\/sofia-technologies.com\/wp-content\/uploads\/2022\/05\/RD-services-1024x576.jpg 1024w, https:\/\/sofia-technologies.com\/wp-content\/uploads\/2022\/05\/RD-services-300x169.jpg 300w, https:\/\/sofia-technologies.com\/wp-content\/uploads\/2022\/05\/RD-services-768x432.jpg 768w, https:\/\/sofia-technologies.com\/wp-content\/uploads\/2022\/05\/RD-services.jpg 1216w\" data-expand=\"1\" \/><\/div><\/div>\r\n\t\r\n<\/div>\r\r\n\r\n\t<\/div>\r\r\n<\/div>\r\r\n[\/vc_column][\/vc_row][vc_row padding_top_multiplier=\u00a0\u00bb2x\u00a0\u00bb padding_bottom_multiplier=\u00a0\u00bb4x\u00a0\u00bb rc_bg_type=\u00a0\u00bbcolor\u00a0\u00bb rc_bg_color=\u00a0\u00bb#f6f6f6&Prime; section_id=\u00a0\u00bbpresentation\u00a0\u00bb][vc_column]<h3 class=\"grve-element grve-title grve-align-center grve-subtitle-text\" style=\"margin-bottom: 36px;\"><span><br>\n<p style=\"text-align: center;\">Sofia Tech<br>\n<\/span><\/h3><h3 class=\"grve-element grve-title grve-align-inherit grve-h4\"><span><br>\n<p style=\"text-align: center; font-size: 21px; font-weight: normal;\">Sofiatech est un <span class=\"grve-underline grve-line-primary-2 grve-active\">bureau d&rsquo;\u00e9tudes et d&rsquo;ing\u00e9nierie informatique<\/span> sp\u00e9cialis\u00e9 dans la conception, le d\u00e9veloppement et l&rsquo;int\u00e9gration de l&rsquo;\u00e9lectronique, de la m\u00e9catronique, des logiciels embarqu\u00e9s, des solutions cloud et de l&rsquo;internet des objets. Avec une \u00e9quipe d&rsquo;ing\u00e9nieurs exp\u00e9riment\u00e9s et une organisation r\u00e9active, nous fournissons des solutions de prototypage rapide de bout en bout, des plateformes adaptables \u00e0 un co\u00fbt optimis\u00e9, ainsi que des applications pour les m\u00e9tiers de l&rsquo;automobile, de l\u2019industrie, du m\u00e9dical, de la Smart City et plus largement de l&rsquo;IoT.<br>\n<\/span><\/h3><div class=\"grve-empty-space grve-height-3x\"><\/div>\r\n<div class=\"grve-element grve-carousel grve-flexible-carousel\">\r\r\n\t<div class=\"grve-carousel-wrapper\">\r\r\n\t\t\r\n\t\t<div data-items=\"3\" data-items-tablet-landscape=\"3\" data-items-tablet-portrait=\"2\" data-items-mobile=\"1\" data-pagination=\"yes\" data-slider-autoheight=\"\" data-slider-autoplay=\"no\" data-slider-loop=\"no\" data-stage-padding=\"0\" class=\"grve-carousel-element grve-flexible-advanced-carousel flickity\">\r\r\n\t\t<div class=\"grve-element grve-fancy-box grve-align-center grve-bg-white\"><div class=\"grve-fancy-box-inner\"><div class=\"grve-fancy-box-icon\"><span class=\"grve-icon et-icon-mobile grve-text-black grve-medium\"><\/span><\/div><h3 class=\"grve-title grve-heading-color grve-h6\" style=\"\">Product Engineering<\/h3><p class=\"grve-description\">Sofiatech is specialized in Product Engineering.<\/p><div class=\"grve-link-text grve-fancy-box-read-more\">Read More<\/div>  <\/div><a href=\"http:\/\/sofia-technologies.com\/product-engineering\/\" class=\"grve-item-url \"><\/a><div class=\"grve-fancy-box-bg grve-bg-dark-grey\"><\/div><\/div><div class=\"grve-element grve-fancy-box grve-align-center grve-bg-white\"><div class=\"grve-fancy-box-inner\"><div class=\"grve-fancy-box-icon\"><span class=\"grve-icon et-icon-anchor grve-text-black grve-medium\"><\/span><\/div><h3 class=\"grve-title grve-heading-color grve-h6\" style=\"\">Digital transformation<\/h3><p class=\"grve-description\">Sofiatech assists its partners in effectively designing and implementing digital transformation strategies.<\/p><div class=\"grve-link-text grve-fancy-box-read-more\">Read More<\/div>  <\/div><a href=\"http:\/\/sofia-technologies.com\/rd-services\/digital-transformation\/\" class=\"grve-item-url \"><\/a><div class=\"grve-fancy-box-bg grve-bg-dark-grey\"><\/div><\/div><div class=\"grve-element grve-fancy-box grve-align-center grve-bg-white\"><div class=\"grve-fancy-box-inner\"><div class=\"grve-fancy-box-icon\"><span class=\"grve-icon et-icon-camera grve-text-black grve-medium\"><\/span><\/div><h3 class=\"grve-title grve-heading-color grve-h6\" style=\"\">Electronics Systems<\/h3><p class=\"grve-description\">Your electronics from concept to industrialization.<\/p><div class=\"grve-link-text grve-fancy-box-read-more\">Read More<\/div>  <\/div><a href=\"http:\/\/sofia-technologies.com\/rd-services\/electronics-systems\" class=\"grve-item-url \"><\/a><div class=\"grve-fancy-box-bg grve-bg-dark-grey\"><\/div><\/div><div class=\"grve-element grve-fancy-box grve-align-center grve-bg-white\"><div class=\"grve-fancy-box-inner\"><div class=\"grve-fancy-box-icon\"><span class=\"grve-icon et-icon-printer grve-text-black grve-medium\"><\/span><\/div><h3 class=\"grve-title grve-heading-color grve-h6\" style=\"\">Embedded System<\/h3><p class=\"grve-description\">Sofiatech designs and integrates software for your embedded systems.<\/p><div class=\"grve-link-text grve-fancy-box-read-more\">Read More<\/div>  <\/div><a href=\"http:\/\/sofia-technologies.com\/rd-services\/embedded-system\/\" class=\"grve-item-url \"><\/a><div class=\"grve-fancy-box-bg grve-bg-dark-grey\"><\/div><\/div><div class=\"grve-element grve-fancy-box grve-align-center grve-bg-white\"><div class=\"grve-fancy-box-inner\"><div class=\"grve-fancy-box-icon\"><span class=\"grve-icon et-icon-toolbox grve-text-black grve-medium\"><\/span><\/div><h3 class=\"grve-title grve-heading-color grve-h6\" style=\"\">Cloud&amp; Devops<\/h3><p class=\"grve-description\">Sofiatech has all the skills for your IT integration or migration projects.<\/p><div class=\"grve-link-text grve-fancy-box-read-more\">Read More<\/div>  <\/div><a href=\"http:\/\/sofia-technologies.com\/rd-services\/cloud-devops\/\" class=\"grve-item-url \"><\/a><div class=\"grve-fancy-box-bg grve-bg-dark-grey\"><\/div><\/div>\r\n\t\t<\/div>\r\r\n\t<\/div>\r\r\n<\/div>\r\r\n[\/vc_column][\/vc_row]<\/p>\n","protected":false},"excerpt":{"rendered":"<p>[vc_row height_ratio=\u00a0\u00bb100&Prime; padding_top_multiplier=\u00a0\u00bbcustom\u00a0\u00bb padding_bottom_multiplier=\u00a0\u00bbcustom\u00a0\u00bb columns_gap=\u00a0\u00bb30&Prime; tablet_height_ratio=\u00a0\u00bb100&Prime; tablet_sm_height_ratio=\u00a0\u00bb60&Prime; mobile_height_ratio=\u00a0\u00bb100&Prime; padding_top=\u00a0\u00bb7%\u00a0\u00bb padding_bottom=\u00a0\u00bb7%\u00a0\u00bb][vc_column width=\u00a0\u00bb1\/2&Prime; vertical_content_position=\u00a0\u00bbmiddle\u00a0\u00bb rc_heading_color=\u00a0\u00bbprimary-1&Prime; tablet_sm_width=\u00a0\u00bb1-2&Prime; mobile_column_order=\u00a0\u00bb2&Prime; grve_css=\u00a0\u00bb{\u00ab\u00a0desktop\u00ab\u00a0:{\u00ab\u00a0z-index\u00ab\u00a0:3,\u00ab\u00a0class\u00ab\u00a0:\u00ab\u00a0grve-wpb-1644161404746\u00ab\u00a0},\u00ab\u00a0tablet_landscape\u00ab\u00a0:{\u00ab\u00a0z-index\u00ab\u00a0:3},\u00ab\u00a0tablet_portrait\u00ab\u00a0:{\u00ab\u00a0z-index\u00ab\u00a0:3}}\u00a0\u00bb][vc_row_inner][vc_column_inner mobile_width=\u00a0\u00bbhide\u00a0\u00bb][\/vc_column_inner][\/vc_row_inner][vc_row_inner][vc_column_inner width=\u00a0\u00bb1\/2&Prime;][vc_column_text animation=\u00a0\u00bbfade-in-up\u00a0\u00bb animation_delay=\u00a0\u00bb600&Prime;]Sofiatech assiste vos \u00e9quipes R&amp;D en mettant \u00e0 disposition des experts en \u00e9lectronique et en d\u00e9veloppement logiciel, test et DevOps, que ce soit pour l&rsquo;IT, le Cloud ou les syst\u00e8mes embarqu\u00e9s.[\/vc_column_text][\/vc_column_inner][vc_column_inner width=\u00a0\u00bb1\/2&Prime;][\/vc_column_inner][\/vc_row_inner][\/vc_column][vc_column width=\u00a0\u00bb1\/2&Prime; vertical_content_position=\u00a0\u00bbmiddle\u00a0\u00bb text_align=\u00a0\u00bbcenter\u00a0\u00bb tablet_sm_width=\u00a0\u00bb1-2&Prime; [&hellip;]<\/p>\n","protected":false},"author":3,"featured_media":0,"parent":0,"menu_order":0,"comment_status":"closed","ping_status":"closed","template":"","meta":{"content-type":"","om_disable_all_campaigns":false,"_mi_skip_tracking":false,"_monsterinsights_sitenote_active":false,"_monsterinsights_sitenote_note":"","_monsterinsights_sitenote_category":0,"footnotes":""},"aioseo_notices":[],"_links":{"self":[{"href":"https:\/\/sofia-technologies.com\/fr\/wp-json\/wp\/v2\/pages\/9609"}],"collection":[{"href":"https:\/\/sofia-technologies.com\/fr\/wp-json\/wp\/v2\/pages"}],"about":[{"href":"https:\/\/sofia-technologies.com\/fr\/wp-json\/wp\/v2\/types\/page"}],"author":[{"embeddable":true,"href":"https:\/\/sofia-technologies.com\/fr\/wp-json\/wp\/v2\/users\/3"}],"replies":[{"embeddable":true,"href":"https:\/\/sofia-technologies.com\/fr\/wp-json\/wp\/v2\/comments?post=9609"}],"version-history":[{"count":3,"href":"https:\/\/sofia-technologies.com\/fr\/wp-json\/wp\/v2\/pages\/9609\/revisions"}],"predecessor-version":[{"id":9680,"href":"https:\/\/sofia-technologies.com\/fr\/wp-json\/wp\/v2\/pages\/9609\/revisions\/9680"}],"wp:attachment":[{"href":"https:\/\/sofia-technologies.com\/fr\/wp-json\/wp\/v2\/media?parent=9609"}],"curies":[{"name":"wp","href":"https:\/\/api.w.org\/{rel}","templated":true}]}}