{"id":9608,"date":"2022-04-28T10:48:04","date_gmt":"2022-04-28T08:48:04","guid":{"rendered":"https:\/\/sofia-technologies.com\/products-solutions\/"},"modified":"2023-01-31T16:18:04","modified_gmt":"2023-01-31T15:18:04","slug":"design-produit-it","status":"publish","type":"page","link":"https:\/\/sofia-technologies.com\/fr\/design-produit-it\/","title":{"rendered":"Produits et solutions"},"content":{"rendered":"<p>[vc_row height_ratio=\u00a0\u00bb100&Prime; padding_top_multiplier=\u00a0\u00bbcustom\u00a0\u00bb padding_bottom_multiplier=\u00a0\u00bbcustom\u00a0\u00bb columns_gap=\u00a0\u00bb30&Prime; tablet_height_ratio=\u00a0\u00bb100&Prime; tablet_sm_height_ratio=\u00a0\u00bb60&Prime; mobile_height_ratio=\u00a0\u00bb100&Prime; padding_top=\u00a0\u00bb7%\u00a0\u00bb padding_bottom=\u00a0\u00bb7%\u00a0\u00bb][vc_column width=\u00a0\u00bb1\/2&Prime; vertical_content_position=\u00a0\u00bbmiddle\u00a0\u00bb rc_heading_color=\u00a0\u00bbprimary-1&Prime; tablet_sm_width=\u00a0\u00bb1-2&Prime; mobile_column_order=\u00a0\u00bb2&Prime; grve_css=\u00a0\u00bb{\u00ab\u00a0desktop\u00ab\u00a0:{\u00ab\u00a0z-index\u00ab\u00a0:3,\u00ab\u00a0class\u00ab\u00a0:\u00ab\u00a0grve-wpb-1644161404746\u00ab\u00a0},\u00ab\u00a0tablet_landscape\u00ab\u00a0:{\u00ab\u00a0z-index\u00ab\u00a0:3},\u00ab\u00a0tablet_portrait\u00ab\u00a0:{\u00ab\u00a0z-index\u00ab\u00a0:3}}\u00a0\u00bb][vc_row_inner][vc_column_inner mobile_width=\u00a0\u00bbhide\u00a0\u00bb]<div class=\"grve-empty-space grve-height-2x\"><\/div>[\/vc_column_inner][\/vc_row_inner]<h1 data-clipping-color=\"black\" data-animation=\"colored-clipping-left\" data-delay=\"600\" data-duration=\"normal\" class=\"grve-element grve-title grve-align-left grve-clipping-animation grve-advanced-animation grve-colored-clipping grve-animated-item grve-h1 grve-tablet-sm-reset-increase-heading grve-mobile-reset-increase-heading grve-increase-heading grve-heading-160 nb_f\" style=\"margin-bottom: 20px;\"><span>Produits &amp; solutions<\/span><\/h1>[vc_row_inner][vc_column_inner width=\u00a0\u00bb1\/2&Prime;][vc_column_text]L&rsquo;un de nos objectifs avec nos partenaires est d&rsquo;\u00eatre cr\u00e9atifs avec chacun de nos produits et d&rsquo;apporter des solutions technologiques personnalis\u00e9es.[\/vc_column_text][\/vc_column_inner][vc_column_inner width=\u00a0\u00bb1\/2&Prime;][\/vc_column_inner][\/vc_row_inner]<div class=\"grve-empty-space grve-height-1x\"><\/div><div data-animation=\"fade-in-up\" data-delay=\"700\" data-duration=\"normal\" class=\"grve-element grve-align-inherit grve-animated-item\">\r\n<a href=\"#details\" title=\"About Us\" class=\"grve-btn grve-round grve-bg-black grve-border-black grve-bg-hover-primary-1 grve-border-hover-primary-1 grve-text-white grve-text-hover-white grve-btn-medium\">\r\r\n\t\r\n\t<span>En savoir plus<\/span>\r\r\n\t\r\n\t\r\n\t\r\n\t\t\r\n\t\r\n\t\r\n<\/a><\/div>[\/vc_column][vc_column width=\u00a0\u00bb1\/2&Prime; vertical_content_position=\u00a0\u00bbmiddle\u00a0\u00bb text_align=\u00a0\u00bbcenter\u00a0\u00bb tablet_sm_width=\u00a0\u00bb1-2&Prime; mobile_text_align=\u00a0\u00bbcenter\u00a0\u00bb mobile_column_order=\u00a0\u00bb1&Prime;]\r\n<div data-animation=\"clipping-right\" data-delay=\"200\" data-duration=\"normal\" class=\"grve-element grve-image grve-align-right grve-clipping-animation grve-advanced-animation grve-animated-item grve-image-space-150 grve-image-expand-width grve-mobile-reset-image-space\">\r\r\n\r\n\t<div class=\"grve-image-item\">\r\r\n\t\t\r\n\r\r\n\r\r\n<div class=\"grve-image-wrapper grve-no-effect\">\r\r\n\t\r\n\t<div class=\"grve-thumbnail-wrapper\"><div class=\"grve-thumbnail\"  style=\"padding-top: 56.25%;\"><img loading=\"lazy\" decoding=\"async\" width=\"1024\" height=\"576\" src=\"https:\/\/sofia-technologies.com\/wp-content\/uploads\/2022\/06\/product-solutions.jpg\" class=\"attachment-large size-large grve-lazy-load lazyload\" alt=\"product-solutions-innovation\" data-column-space=\"150\" data-lazyload=\"\" data-grve-filter=\"yes\" srcset=\"https:\/\/sofia-technologies.com\/wp-content\/themes\/impeka\/images\/empty\/empty.png\" data-src=\"https:\/\/sofia-technologies.com\/wp-content\/uploads\/2022\/06\/product-solutions.jpg\" data-sizes=\"auto\" data-srcset=\"https:\/\/sofia-technologies.com\/wp-content\/uploads\/2022\/06\/product-solutions.jpg 1024w, https:\/\/sofia-technologies.com\/wp-content\/uploads\/2022\/06\/product-solutions-300x169.jpg 300w, https:\/\/sofia-technologies.com\/wp-content\/uploads\/2022\/06\/product-solutions-768x432.jpg 768w\" data-expand=\"1\" \/><\/div><\/div>\r\n\t\r\n<\/div>\r\r\n\r\n\t<\/div>\r\r\n<\/div>\r\r\n[\/vc_column][\/vc_row][vc_row padding_top_multiplier=\u00a0\u00bb\u00a0\u00bb section_id=\u00a0\u00bbdetails\u00a0\u00bb][vc_column][vc_column_text]<\/p>\n<p style=\"text-align: center;\">Sofiatech a pu d\u00e9velopper ses propres produits et solutions en s&rsquo;appuyant sur la comp\u00e9tence de ses \u00e9quipes dans les domaines de la conception \u00e9lectronique, des logiciels embarqu\u00e9s et la gestion du cloud.<br \/>\nCes solutions ont \u00e9t\u00e9 cr\u00e9\u00e9es pour r\u00e9pondre aux besoins croissants du march\u00e9 en solutions IOT innovantes et \u00e0 forte valeur ajout\u00e9e.<br \/>\nSofiatech propose une vari\u00e9t\u00e9 de produits pour aider les clients \u00e0 g\u00e9rer plus efficacement leurs op\u00e9rations quotidiennes et leurs activit\u00e9s.<br \/>\n<span class=\"grve-underline grve-line-primary-2 grve-active\">Sofiatech est \u00e9galement un distributeur \u00e0 valeur ajout\u00e9e des solutions Intland ALM.<\/span><\/p>\n<p>[\/vc_column_text][\/vc_column][\/vc_row][vc_row padding_top_multiplier=\u00a0\u00bb3x\u00a0\u00bb padding_bottom_multiplier=\u00a0\u00bb4x\u00a0\u00bb rc_bg_type=\u00a0\u00bbcolor\u00a0\u00bb mobile_columns_vertical_gap=\u00a0\u00bbnone\u00a0\u00bb separator_top_size=\u00a0\u00bb150px\u00a0\u00bb separator_top_color=\u00a0\u00bb#ff4433&Prime; rc_bg_color=\u00a0\u00bb#ffffff\u00a0\u00bb][vc_column][vc_row_inner][vc_column_inner width=\u00a0\u00bb1\/6&Prime; animation=\u00a0\u00bbclipping\u00a0\u00bb clipping_animation=\u00a0\u00bbcolored-clipping-up\u00a0\u00bb clipping_animation_colors=\u00a0\u00bblight-grey\u00a0\u00bb animation_delay=\u00a0\u00bb200&Prime; grve_css=\u00a0\u00bb{\u00ab\u00a0desktop\u00ab\u00a0:{\u00ab\u00a0border-color\u00ab\u00a0:\u00ab\u00a0#e1e1e1\u00ab\u00a0,\u00ab\u00a0border-style\u00ab\u00a0:\u00ab\u00a0solid\u00ab\u00a0,\u00ab\u00a0class\u00ab\u00a0:\u00ab\u00a0grve-wpb-1656668279038\u00ab\u00a0},\u00ab\u00a0tablet_landscape\u00ab\u00a0:{\u00ab\u00a0padding-top\u00ab\u00a0:\u00ab\u00a018%\u00ab\u00a0,\u00ab\u00a0padding-right\u00ab\u00a0:\u00ab\u00a08%\u00ab\u00a0,\u00ab\u00a0padding-bottom\u00ab\u00a0:\u00ab\u00a018%\u00ab\u00a0,\u00ab\u00a0padding-left\u00ab\u00a0:\u00ab\u00a08%\u00ab\u00a0}}\u00a0\u00bb][\/vc_column_inner][vc_column_inner width=\u00a0\u00bb1\/3&Prime; animation=\u00a0\u00bbclipping\u00a0\u00bb clipping_animation=\u00a0\u00bbcolored-clipping-up\u00a0\u00bb clipping_animation_colors=\u00a0\u00bblight-grey\u00a0\u00bb animation_delay=\u00a0\u00bb400&Prime; grve_css=\u00a0\u00bb{\u00ab\u00a0desktop\u00ab\u00a0:{\u00ab\u00a0border-top\u00ab\u00a0:1,\u00ab\u00a0border-right\u00ab\u00a0:1,\u00ab\u00a0border-bottom\u00ab\u00a0:1,\u00ab\u00a0border-left\u00ab\u00a0:1,\u00ab\u00a0border-top-left-radius\u00ab\u00a0:\u00ab\u00a02\u00ab\u00a0,\u00ab\u00a0border-top-right-radius\u00ab\u00a0:\u00ab\u00a02\u00ab\u00a0,\u00ab\u00a0border-bottom-right-radius\u00ab\u00a0:\u00ab\u00a02\u00ab\u00a0,\u00ab\u00a0border-bottom-left-radius\u00ab\u00a0:\u00ab\u00a02\u00ab\u00a0,\u00ab\u00a0padding-top\u00ab\u00a0:\u00ab\u00a024%\u00ab\u00a0,\u00ab\u00a0padding-right\u00ab\u00a0:\u00ab\u00a013%\u00ab\u00a0,\u00ab\u00a0padding-bottom\u00ab\u00a0:\u00ab\u00a024%\u00ab\u00a0,\u00ab\u00a0padding-left\u00ab\u00a0:\u00ab\u00a013%\u00ab\u00a0,\u00ab\u00a0border-color\u00ab\u00a0:\u00ab\u00a0#e1e1e1\u00ab\u00a0,\u00ab\u00a0border-style\u00ab\u00a0:\u00ab\u00a0solid\u00ab\u00a0,\u00ab\u00a0class\u00ab\u00a0:\u00ab\u00a0grve-wpb-1599197241372\u00ab\u00a0},\u00ab\u00a0tablet_landscape\u00ab\u00a0:{\u00ab\u00a0padding-top\u00ab\u00a0:\u00ab\u00a018%\u00ab\u00a0,\u00ab\u00a0padding-right\u00ab\u00a0:\u00ab\u00a08%\u00ab\u00a0,\u00ab\u00a0padding-bottom\u00ab\u00a0:\u00ab\u00a018%\u00ab\u00a0,\u00ab\u00a0padding-left\u00ab\u00a0:\u00ab\u00a08%\u00ab\u00a0}}\u00a0\u00bb]<div class=\"grve-element grve-box-icon grve-medium grve-top-icon grve-align-center\" style=\"margin-bottom: 48px;\"><a href=\"http:\/\/sofia-technologies.com\/products-solutions\/solutions\/\"><div class=\"grve-wrapper-icon grve-image-icon\"><div class=\"grve-thumbnail-wrapper\"  style=\"width: 50px;\"><div class=\"grve-thumbnail\"  style=\"padding-top: 100%;\"><img loading=\"lazy\" decoding=\"async\" width=\"50\" height=\"50\" src=\"https:\/\/sofia-technologies.com\/wp-content\/uploads\/2022\/06\/sloutions.png\" class=\"attachment-full size-full grve-lazy-load lazyload\" alt=\"\" data-column-space=\"auto\" data-lazyload=\"\" data-grve-filter=\"yes\" data-src=\"https:\/\/sofia-technologies.com\/wp-content\/uploads\/2022\/06\/sloutions.png\" data-sizes=\"auto\" data-srcset=\"\" data-expand=\"1\" \/><\/div><\/div><\/div><div class=\"grve-box-content\"><h3 class=\"grve-box-title grve-h5\">Solutions<\/h3><p class=\"\">Sofiatech con\u00e7oit et d\u00e9veloppe des solutions facilement personnalisables.<\/p><\/div><\/a><\/div><div class=\"grve-element grve-align-center\">\r\n<a href=\"https:\/\/sofia-technologies.com\/fr\/produits-et-solutions\/solutions\/\" class=\"grve-btn-text grve-btn-line grve-line-bottom grve-text-black grve-text-hover-black grve-btn-medium\">\r\r\n\t\r\n\t<div class=\"grve-btn-inner\">\r\r\n\t\r\n\t<span>En savoir plus<\/span>\r\r\n\t\r\n\t\r\n\t<span class=\"grve-line grve-bg-primary-2\"><\/span>\r\r\n\t\r\n\t\r\n\t\t\r\n\t\r\n\t\r\n\t<\/div>\r\r\n\t\r\n<\/a><\/div>[\/vc_column_inner][vc_column_inner width=\u00a0\u00bb1\/3&Prime; animation=\u00a0\u00bbclipping\u00a0\u00bb clipping_animation=\u00a0\u00bbcolored-clipping-up\u00a0\u00bb clipping_animation_colors=\u00a0\u00bblight-grey\u00a0\u00bb animation_delay=\u00a0\u00bb600&Prime; grve_css=\u00a0\u00bb{\u00ab\u00a0desktop\u00ab\u00a0:{\u00ab\u00a0border-top\u00ab\u00a0:1,\u00ab\u00a0border-right\u00ab\u00a0:1,\u00ab\u00a0border-bottom\u00ab\u00a0:1,\u00ab\u00a0border-left\u00ab\u00a0:1,\u00ab\u00a0border-top-left-radius\u00ab\u00a0:\u00ab\u00a02\u00ab\u00a0,\u00ab\u00a0border-top-right-radius\u00ab\u00a0:\u00ab\u00a02\u00ab\u00a0,\u00ab\u00a0border-bottom-right-radius\u00ab\u00a0:\u00ab\u00a02\u00ab\u00a0,\u00ab\u00a0border-bottom-left-radius\u00ab\u00a0:\u00ab\u00a02\u00ab\u00a0,\u00ab\u00a0padding-top\u00ab\u00a0:\u00ab\u00a024%\u00ab\u00a0,\u00ab\u00a0padding-right\u00ab\u00a0:\u00ab\u00a013%\u00ab\u00a0,\u00ab\u00a0padding-bottom\u00ab\u00a0:\u00ab\u00a024%\u00ab\u00a0,\u00ab\u00a0padding-left\u00ab\u00a0:\u00ab\u00a013%\u00ab\u00a0,\u00ab\u00a0border-color\u00ab\u00a0:\u00ab\u00a0#e1e1e1\u00ab\u00a0,\u00ab\u00a0border-style\u00ab\u00a0:\u00ab\u00a0solid\u00ab\u00a0,\u00ab\u00a0class\u00ab\u00a0:\u00ab\u00a0grve-wpb-1599197253209\u00ab\u00a0},\u00ab\u00a0tablet_landscape\u00ab\u00a0:{\u00ab\u00a0padding-top\u00ab\u00a0:\u00ab\u00a018%\u00ab\u00a0,\u00ab\u00a0padding-right\u00ab\u00a0:\u00ab\u00a08%\u00ab\u00a0,\u00ab\u00a0padding-bottom\u00ab\u00a0:\u00ab\u00a018%\u00ab\u00a0,\u00ab\u00a0padding-left\u00ab\u00a0:\u00ab\u00a08%\u00ab\u00a0}}\u00a0\u00bb]<div class=\"grve-element grve-box-icon grve-medium grve-top-icon grve-align-center\" style=\"margin-bottom: 48px;\"><a href=\"http:\/\/sofia-technologies.com\/alm-solutions\/\"><div class=\"grve-wrapper-icon grve-image-icon\"><div class=\"grve-thumbnail-wrapper\"  style=\"width: 50px;\"><div class=\"grve-thumbnail\"  style=\"padding-top: 100%;\"><img loading=\"lazy\" decoding=\"async\" width=\"50\" height=\"50\" src=\"https:\/\/sofia-technologies.com\/wp-content\/uploads\/2022\/06\/software.png\" class=\"attachment-full size-full grve-lazy-load lazyload\" alt=\"\" data-column-space=\"auto\" data-lazyload=\"\" data-grve-filter=\"yes\" data-src=\"https:\/\/sofia-technologies.com\/wp-content\/uploads\/2022\/06\/software.png\" data-sizes=\"auto\" data-srcset=\"\" data-expand=\"1\" \/><\/div><\/div><\/div><div class=\"grve-box-content\"><h3 class=\"grve-box-title grve-h5\">ALM Solutions<\/h3><p class=\"\">Sofiatech est un distributeur des outils ALM de Intland Software.<\/p><\/div><\/a><\/div><div class=\"grve-element grve-align-center\">\r\n<a href=\"https:\/\/sofia-technologies.com\/fr\/solutions-alm\/\" class=\"grve-btn-text grve-btn-line grve-line-bottom grve-text-black grve-text-hover-black grve-btn-medium\">\r\r\n\t\r\n\t<div class=\"grve-btn-inner\">\r\r\n\t\r\n\t<span>En savoir plus<\/span>\r\r\n\t\r\n\t\r\n\t<span class=\"grve-line grve-bg-primary-2\"><\/span>\r\r\n\t\r\n\t\r\n\t\t\r\n\t\r\n\t\r\n\t<\/div>\r\r\n\t\r\n<\/a><\/div>[\/vc_column_inner][vc_column_inner width=\u00a0\u00bb1\/6&Prime;][\/vc_column_inner][\/vc_row_inner][\/vc_column][\/vc_row]<\/p>\n","protected":false},"excerpt":{"rendered":"<p>[vc_row height_ratio=\u00a0\u00bb100&Prime; padding_top_multiplier=\u00a0\u00bbcustom\u00a0\u00bb padding_bottom_multiplier=\u00a0\u00bbcustom\u00a0\u00bb columns_gap=\u00a0\u00bb30&Prime; tablet_height_ratio=\u00a0\u00bb100&Prime; tablet_sm_height_ratio=\u00a0\u00bb60&Prime; mobile_height_ratio=\u00a0\u00bb100&Prime; padding_top=\u00a0\u00bb7%\u00a0\u00bb padding_bottom=\u00a0\u00bb7%\u00a0\u00bb][vc_column width=\u00a0\u00bb1\/2&Prime; vertical_content_position=\u00a0\u00bbmiddle\u00a0\u00bb rc_heading_color=\u00a0\u00bbprimary-1&Prime; tablet_sm_width=\u00a0\u00bb1-2&Prime; mobile_column_order=\u00a0\u00bb2&Prime; grve_css=\u00a0\u00bb{\u00ab\u00a0desktop\u00ab\u00a0:{\u00ab\u00a0z-index\u00ab\u00a0:3,\u00ab\u00a0class\u00ab\u00a0:\u00ab\u00a0grve-wpb-1644161404746\u00ab\u00a0},\u00ab\u00a0tablet_landscape\u00ab\u00a0:{\u00ab\u00a0z-index\u00ab\u00a0:3},\u00ab\u00a0tablet_portrait\u00ab\u00a0:{\u00ab\u00a0z-index\u00ab\u00a0:3}}\u00a0\u00bb][vc_row_inner][vc_column_inner mobile_width=\u00a0\u00bbhide\u00a0\u00bb][\/vc_column_inner][\/vc_row_inner][vc_row_inner][vc_column_inner width=\u00a0\u00bb1\/2&Prime;][vc_column_text]L&rsquo;un de nos objectifs avec nos partenaires est d&rsquo;\u00eatre cr\u00e9atifs avec chacun de nos produits et d&rsquo;apporter des solutions technologiques personnalis\u00e9es.[\/vc_column_text][\/vc_column_inner][vc_column_inner width=\u00a0\u00bb1\/2&Prime;][\/vc_column_inner][\/vc_row_inner][\/vc_column][vc_column width=\u00a0\u00bb1\/2&Prime; vertical_content_position=\u00a0\u00bbmiddle\u00a0\u00bb text_align=\u00a0\u00bbcenter\u00a0\u00bb tablet_sm_width=\u00a0\u00bb1-2&Prime; mobile_text_align=\u00a0\u00bbcenter\u00a0\u00bb mobile_column_order=\u00a0\u00bb1&Prime;][\/vc_column][\/vc_row][vc_row padding_top_multiplier=\u00a0\u00bb\u00a0\u00bb section_id=\u00a0\u00bbdetails\u00a0\u00bb][vc_column][vc_column_text] Sofiatech a pu d\u00e9velopper ses propres produits et [&hellip;]<\/p>\n","protected":false},"author":3,"featured_media":0,"parent":0,"menu_order":0,"comment_status":"closed","ping_status":"closed","template":"","meta":{"content-type":"","om_disable_all_campaigns":false,"_mi_skip_tracking":false,"_monsterinsights_sitenote_active":false,"_monsterinsights_sitenote_note":"","_monsterinsights_sitenote_category":0,"footnotes":""},"aioseo_notices":[],"_links":{"self":[{"href":"https:\/\/sofia-technologies.com\/fr\/wp-json\/wp\/v2\/pages\/9608"}],"collection":[{"href":"https:\/\/sofia-technologies.com\/fr\/wp-json\/wp\/v2\/pages"}],"about":[{"href":"https:\/\/sofia-technologies.com\/fr\/wp-json\/wp\/v2\/types\/page"}],"author":[{"embeddable":true,"href":"https:\/\/sofia-technologies.com\/fr\/wp-json\/wp\/v2\/users\/3"}],"replies":[{"embeddable":true,"href":"https:\/\/sofia-technologies.com\/fr\/wp-json\/wp\/v2\/comments?post=9608"}],"version-history":[{"count":6,"href":"https:\/\/sofia-technologies.com\/fr\/wp-json\/wp\/v2\/pages\/9608\/revisions"}],"predecessor-version":[{"id":10329,"href":"https:\/\/sofia-technologies.com\/fr\/wp-json\/wp\/v2\/pages\/9608\/revisions\/10329"}],"wp:attachment":[{"href":"https:\/\/sofia-technologies.com\/fr\/wp-json\/wp\/v2\/media?parent=9608"}],"curies":[{"name":"wp","href":"https:\/\/api.w.org\/{rel}","templated":true}]}}