{"id":9596,"date":"2022-05-17T10:52:17","date_gmt":"2022-05-17T08:52:17","guid":{"rendered":"https:\/\/sofia-technologies.com\/corporate-profile\/"},"modified":"2022-10-07T14:05:28","modified_gmt":"2022-10-07T12:05:28","slug":"corporate-profile","status":"publish","type":"page","link":"https:\/\/sofia-technologies.com\/fr\/corporate-profile\/","title":{"rendered":"Corporate profile"},"content":{"rendered":"<p>[vc_row][vc_column][vc_column_text][\/vc_column_text][\/vc_column][\/vc_row][vc_row height_ratio=\u00a0\u00bb100&Prime; padding_top_multiplier=\u00a0\u00bbcustom\u00a0\u00bb padding_bottom_multiplier=\u00a0\u00bbcustom\u00a0\u00bb columns_gap=\u00a0\u00bb30&Prime; tablet_height_ratio=\u00a0\u00bb100&Prime; tablet_sm_height_ratio=\u00a0\u00bb60&Prime; mobile_height_ratio=\u00a0\u00bb100&Prime; padding_top=\u00a0\u00bb7%\u00a0\u00bb padding_bottom=\u00a0\u00bb7%\u00a0\u00bb][vc_column width=\u00a0\u00bb1\/2&Prime; vertical_content_position=\u00a0\u00bbmiddle\u00a0\u00bb rc_heading_color=\u00a0\u00bbprimary-1&Prime; tablet_sm_width=\u00a0\u00bb1-2&Prime; mobile_column_order=\u00a0\u00bb2&Prime; grve_css=\u00a0\u00bb{\u00ab\u00a0desktop\u00ab\u00a0:{\u00ab\u00a0z-index\u00ab\u00a0:3,\u00ab\u00a0class\u00ab\u00a0:\u00ab\u00a0grve-wpb-1644161404746\u00ab\u00a0},\u00ab\u00a0tablet_landscape\u00ab\u00a0:{\u00ab\u00a0z-index\u00ab\u00a0:3},\u00ab\u00a0tablet_portrait\u00ab\u00a0:{\u00ab\u00a0z-index\u00ab\u00a0:3}}\u00a0\u00bb][vc_row_inner][vc_column_inner mobile_width=\u00a0\u00bbhide\u00a0\u00bb]<div class=\"grve-empty-space grve-height-2x\"><\/div>[\/vc_column_inner][\/vc_row_inner]<h1 data-clipping-color=\"black\" data-animation=\"colored-clipping-left\" data-delay=\"600\" data-duration=\"normal\" class=\"grve-element grve-title grve-align-left grve-clipping-animation grve-advanced-animation grve-colored-clipping grve-animated-item grve-h2 grve-tablet-sm-reset-increase-heading grve-mobile-reset-increase-heading grve-increase-heading grve-heading-160 nb_f\" style=\"margin-bottom: 20px;\"><span>Corporate profile<\/span><\/h1>[vc_row_inner][vc_column_inner width=\u00a0\u00bb1\/2&Prime;][vc_column_text animation=\u00a0\u00bbfade-in-up\u00a0\u00bb animation_delay=\u00a0\u00bb600&Prime;]Le focus client, la meilleure qualit\u00e9 et l&rsquo;excellence technique ont toujours \u00e9t\u00e9 au sommet de nos priorit\u00e9s.<br \/>\nNous sommes attach\u00e9s \u00e0 nos valeurs fondamentales : fid\u00e9lit\u00e9, respect et \u00e9coute des clients.[\/vc_column_text][\/vc_column_inner][vc_column_inner width=\u00a0\u00bb1\/2&Prime;][\/vc_column_inner][\/vc_row_inner]<div class=\"grve-empty-space grve-height-1x\"><\/div><div data-animation=\"fade-in-up\" data-delay=\"700\" data-duration=\"normal\" class=\"grve-element grve-align-inherit grve-animated-item\">\r\n<a href=\"https:\/\/sofia-technologies.com\/fr\/contactez-nous\/\" title=\"About Us\" class=\"grve-btn grve-round grve-bg-black grve-border-black grve-bg-hover-primary-1 grve-border-hover-primary-1 grve-text-white grve-text-hover-white grve-btn-medium\">\r\r\n\t\r\n\t<span>Contactez-nous<\/span>\r\r\n\t\r\n\t\r\n\t\r\n\t\t\r\n\t\r\n\t\r\n<\/a><\/div>[\/vc_column][vc_column width=\u00a0\u00bb1\/2&Prime; vertical_content_position=\u00a0\u00bbmiddle\u00a0\u00bb text_align=\u00a0\u00bbcenter\u00a0\u00bb tablet_sm_width=\u00a0\u00bb1-2&Prime; mobile_text_align=\u00a0\u00bbcenter\u00a0\u00bb mobile_column_order=\u00a0\u00bb1&Prime;]\r\n<div data-animation=\"clipping-right\" data-delay=\"200\" data-duration=\"normal\" class=\"grve-element grve-image grve-align-right grve-clipping-animation grve-advanced-animation grve-animated-item grve-image-space-150 grve-image-expand-width grve-mobile-reset-image-space\">\r\r\n\r\n\t<div class=\"grve-image-item\">\r\r\n\t\t\r\n\r\r\n\r\r\n<div class=\"grve-image-wrapper grve-no-effect\">\r\r\n\t\r\n\t<div class=\"grve-thumbnail-wrapper\"><div class=\"grve-thumbnail\"  style=\"padding-top: 74.023%;\"><img loading=\"lazy\" decoding=\"async\" width=\"1024\" height=\"758\" src=\"https:\/\/sofia-technologies.com\/wp-content\/uploads\/2022\/09\/codir-1-1024x758.jpg\" class=\"attachment-large size-large grve-lazy-load lazyload\" alt=\"directeurs-sofiatech\" data-column-space=\"150\" data-lazyload=\"\" data-grve-filter=\"yes\" srcset=\"https:\/\/sofia-technologies.com\/wp-content\/themes\/impeka\/images\/empty\/empty.png\" data-src=\"https:\/\/sofia-technologies.com\/wp-content\/uploads\/2022\/09\/codir-1-1024x758.jpg\" data-sizes=\"auto\" data-srcset=\"https:\/\/sofia-technologies.com\/wp-content\/uploads\/2022\/09\/codir-1-1024x758.jpg 1024w, https:\/\/sofia-technologies.com\/wp-content\/uploads\/2022\/09\/codir-1-300x222.jpg 300w, https:\/\/sofia-technologies.com\/wp-content\/uploads\/2022\/09\/codir-1-768x569.jpg 768w, https:\/\/sofia-technologies.com\/wp-content\/uploads\/2022\/09\/codir-1-1536x1137.jpg 1536w, https:\/\/sofia-technologies.com\/wp-content\/uploads\/2022\/09\/codir-1-1920x1422.jpg 1920w\" data-expand=\"1\" \/><\/div><\/div>\r\n\t\r\n<\/div>\r\r\n\r\n\t<\/div>\r\r\n<\/div>\r\r\n[\/vc_column][\/vc_row][vc_row][vc_column][vc_column_text][\/vc_column_text][\/vc_column][\/vc_row][vc_row rc_bg_type=\u00a0\u00bbcolor\u00a0\u00bb rc_bg_color=\u00a0\u00bb#ffffff\u00a0\u00bb][vc_column width=\u00a0\u00bb1\/6&Prime; tablet_sm_width=\u00a0\u00bb1-12&Prime; mobile_width=\u00a0\u00bbhide\u00a0\u00bb][\/vc_column][vc_column width=\u00a0\u00bb2\/3&Prime; tablet_width=\u00a0\u00bb5-6&Prime; tablet_sm_width=\u00a0\u00bb11-12&Prime;][vc_row_inner columns_gap=\u00a0\u00bb60&Prime;][vc_column_inner]<h3 data-clipping-color=\"black\" data-animation=\"colored-clipping-left\" data-delay=\"0\" data-duration=\"normal\" class=\"grve-element grve-title grve-align-inherit grve-clipping-animation grve-advanced-animation grve-colored-clipping grve-animated-item grve-subtitle-text\" style=\"margin-bottom: 30px;\"><span>Notre Mission<\/span><\/h3>[vc_column_text text_style=\u00a0\u00bbleader-text\u00a0\u00bb]Nous fournissons des services, des solutions et des produits innovants et fiables pour satisfaire les besoins des partenaires et cela avec <u>la plus haute qualit\u00e9<\/u> et <u>une \u00e9thique in\u00e9branlable<\/u>.[\/vc_column_text][\/vc_column_inner][\/vc_row_inner][\/vc_column][vc_column width=\u00a0\u00bb1\/6&Prime; tablet_width=\u00a0\u00bbhide\u00a0\u00bb tablet_sm_width=\u00a0\u00bbhide\u00a0\u00bb mobile_width=\u00a0\u00bbhide\u00a0\u00bb][\/vc_column][\/vc_row][vc_row padding_top_multiplier=\u00a0\u00bb\u00a0\u00bb padding_bottom_multiplier=\u00a0\u00bb\u00a0\u00bb rc_bg_type=\u00a0\u00bbcolor\u00a0\u00bb rc_bg_color=\u00a0\u00bb#ffffff\u00a0\u00bb][vc_column width=\u00a0\u00bb1\/6&Prime; tablet_sm_width=\u00a0\u00bb1-12&Prime; mobile_width=\u00a0\u00bbhide\u00a0\u00bb][\/vc_column][vc_column width=\u00a0\u00bb2\/3&Prime; tablet_width=\u00a0\u00bb5-6&Prime; tablet_sm_width=\u00a0\u00bb11-12&Prime;][vc_row_inner columns_gap=\u00a0\u00bb60&Prime;][vc_column_inner]<h3 data-clipping-color=\"black\" data-animation=\"colored-clipping-left\" data-delay=\"0\" data-duration=\"normal\" class=\"grve-element grve-title grve-align-inherit grve-clipping-animation grve-advanced-animation grve-colored-clipping grve-animated-item grve-subtitle-text\" style=\"margin-bottom: 30px;\"><span>Notre Vision<\/span><\/h3>[vc_column_text text_style=\u00a0\u00bbleader-text\u00a0\u00bb]Nous <u>cr\u00e9ons la technologie<\/u> afin de d\u00e9velopper la strat\u00e9gie de croissance et garantir le succ\u00e8s de nos partenaires.[\/vc_column_text][\/vc_column_inner][\/vc_row_inner][\/vc_column][vc_column width=\u00a0\u00bb1\/6&Prime; tablet_width=\u00a0\u00bbhide\u00a0\u00bb tablet_sm_width=\u00a0\u00bbhide\u00a0\u00bb mobile_width=\u00a0\u00bbhide\u00a0\u00bb][\/vc_column][\/vc_row][vc_row rc_bg_type=\u00a0\u00bbcolor\u00a0\u00bb rc_bg_color=\u00a0\u00bb#ffffff\u00a0\u00bb][vc_column width=\u00a0\u00bb1\/6&Prime; tablet_sm_width=\u00a0\u00bb1-12&Prime; mobile_width=\u00a0\u00bbhide\u00a0\u00bb][\/vc_column][vc_column width=\u00a0\u00bb2\/3&Prime; tablet_width=\u00a0\u00bb5-6&Prime; tablet_sm_width=\u00a0\u00bb11-12&Prime;][vc_column_text]<\/p>\n<h2 class=\"blog_title\" style=\"text-align: left;\">Nos valeurs<\/h2>\n<p>[\/vc_column_text][vc_row_inner padding_bottom_multiplier=\u00a0\u00bb1x\u00a0\u00bb columns_gap=\u00a0\u00bb60&Prime;][vc_column_inner]<h3 data-clipping-color=\"black\" data-animation=\"colored-clipping-left\" data-delay=\"0\" data-duration=\"normal\" class=\"grve-element grve-title grve-align-inherit grve-clipping-animation grve-advanced-animation grve-colored-clipping grve-animated-item grve-subtitle-text\" style=\"margin-bottom: 30px;\"><span>Priser la cr\u00e9dibilit\u00e9 envers les parties int\u00e9ress\u00e9es<\/span><\/h3>[vc_column_text text_style=\u00a0\u00bbleader-text\u00a0\u00bb]Nous mettons en avant la cr\u00e9dibilit\u00e9, la fiabilit\u00e9 et l&rsquo;engagement envers nos parties int\u00e9ress\u00e9es pertinentes ainsi que le respect des exigences l\u00e9gales et r\u00e9glementaires en vigueur.[\/vc_column_text][\/vc_column_inner][\/vc_row_inner][vc_row_inner padding_bottom_multiplier=\u00a0\u00bb1x\u00a0\u00bb columns_gap=\u00a0\u00bb60&Prime;][vc_column_inner]<h3 data-clipping-color=\"black\" data-animation=\"colored-clipping-left\" data-delay=\"0\" data-duration=\"normal\" class=\"grve-element grve-title grve-align-inherit grve-clipping-animation grve-advanced-animation grve-colored-clipping grve-animated-item grve-subtitle-text\" style=\"margin-bottom: 30px;\"><span>Garantir la satisfaction du client<\/span><\/h3>[vc_column_text text_style=\u00a0\u00bbleader-text\u00a0\u00bb]Nous visons la satisfaction client \u00e0 travers l&rsquo;\u00e9coute active et l&rsquo;adaptation de nos solutions \u00e0 ses besoins et \u00e0 ses souhaits.[\/vc_column_text][\/vc_column_inner][\/vc_row_inner][vc_row_inner padding_bottom_multiplier=\u00a0\u00bb1x\u00a0\u00bb columns_gap=\u00a0\u00bb60&Prime;][vc_column_inner]<h3 data-clipping-color=\"black\" data-animation=\"colored-clipping-left\" data-delay=\"0\" data-duration=\"normal\" class=\"grve-element grve-title grve-align-inherit grve-clipping-animation grve-advanced-animation grve-colored-clipping grve-animated-item grve-subtitle-text\" style=\"margin-bottom: 30px;\"><span>Cr\u00e9er la technologie<\/span><\/h3>[vc_column_text text_style=\u00a0\u00bbleader-text\u00a0\u00bb]Nous nous engageons \u00e0 offrir des solutions compl\u00e8tes sur toute la cha\u00eene de valeur IOT pour accompagner nos clients dans leur transformation smart.[\/vc_column_text][\/vc_column_inner][\/vc_row_inner][vc_row_inner padding_bottom_multiplier=\u00a0\u00bb1x\u00a0\u00bb columns_gap=\u00a0\u00bb60&Prime;][vc_column_inner]<h3 data-clipping-color=\"black\" data-animation=\"colored-clipping-left\" data-delay=\"0\" data-duration=\"normal\" class=\"grve-element grve-title grve-align-inherit grve-clipping-animation grve-advanced-animation grve-colored-clipping grve-animated-item grve-subtitle-text\" style=\"margin-bottom: 30px;\"><span>Ancrer la dynamique d&rsquo;am\u00e9lioration<\/span><\/h3>[vc_column_text text_style=\u00a0\u00bbleader-text\u00a0\u00bb]Nous consid\u00e9rons la qualit\u00e9 et l&rsquo;am\u00e9lioration comme un \u00ab\u00a0must\u00a0\u00bb renforc\u00e9 au niveau de l&rsquo;organisation, des solutions, des projets et des \u00e9quipes.[\/vc_column_text][\/vc_column_inner][\/vc_row_inner][vc_row_inner padding_bottom_multiplier=\u00a0\u00bb1x\u00a0\u00bb columns_gap=\u00a0\u00bb60&Prime;][vc_column_inner]<h3 data-clipping-color=\"black\" data-animation=\"colored-clipping-left\" data-delay=\"0\" data-duration=\"normal\" class=\"grve-element grve-title grve-align-inherit grve-clipping-animation grve-advanced-animation grve-colored-clipping grve-animated-item grve-subtitle-text\" style=\"margin-bottom: 30px;\"><span>Se d\u00e9velopper pour r\u00e9ussir<\/span><\/h3>[vc_column_text text_style=\u00a0\u00bbleader-text\u00a0\u00bb]Nous visons une expansion efficace en d\u00e9veloppant nos comp\u00e9tences, notre business et notre r\u00e9seau.[\/vc_column_text][\/vc_column_inner][\/vc_row_inner][\/vc_column][vc_column width=\u00a0\u00bb1\/6&Prime; tablet_width=\u00a0\u00bbhide\u00a0\u00bb tablet_sm_width=\u00a0\u00bbhide\u00a0\u00bb mobile_width=\u00a0\u00bbhide\u00a0\u00bb][\/vc_column][\/vc_row][vc_row][vc_column][\/vc_column][vc_column width=\u00a0\u00bb1\/3&Prime;]\r\n<div class=\"grve-element grve-team grve-layout-3 grve-mouse-move\">\r\r\n\r\n\t<div class=\"grve-team-person\">\r\r\n\t\t<img loading=\"lazy\" decoding=\"async\" width=\"150\" height=\"150\" src=\"https:\/\/sofia-technologies.com\/wp-content\/uploads\/2022\/09\/sihassib-carrenoiretblanc-150x150.jpg\" class=\"attachment-thumbnail size-thumbnail\" alt=\"ceo-sofiatech\" data-column-space=\"auto\" data-lazyload=\"\" srcset=\"https:\/\/sofia-technologies.com\/wp-content\/uploads\/2022\/09\/sihassib-carrenoiretblanc-150x150.jpg 150w, https:\/\/sofia-technologies.com\/wp-content\/uploads\/2022\/09\/sihassib-carrenoiretblanc-300x300.jpg 300w, https:\/\/sofia-technologies.com\/wp-content\/uploads\/2022\/09\/sihassib-carrenoiretblanc-1024x1024.jpg 1024w, https:\/\/sofia-technologies.com\/wp-content\/uploads\/2022\/09\/sihassib-carrenoiretblanc-768x768.jpg 768w, https:\/\/sofia-technologies.com\/wp-content\/uploads\/2022\/09\/sihassib-carrenoiretblanc-1536x1536.jpg 1536w, https:\/\/sofia-technologies.com\/wp-content\/uploads\/2022\/09\/sihassib-carrenoiretblanc-560x560.jpg 560w, https:\/\/sofia-technologies.com\/wp-content\/uploads\/2022\/09\/sihassib-carrenoiretblanc-900x900.jpg 900w, https:\/\/sofia-technologies.com\/wp-content\/uploads\/2022\/09\/sihassib-carrenoiretblanc-1920x1920.jpg 1920w\" sizes=\"(max-width: 150px) 100vw, 150px\" \/>\r\n\t\t\r\n\t<\/div>\r\r\n\t<div class=\"grve-team-description\">\r\r\n\t\t\r\n\t\t<div class=\"grve-team-identity grve-small-text grve-text-orange\">Chairman<\/div>\r\r\n\t\t\r\n\t\t<h3 class=\"grve-team-name grve-h5\">Hassib Ellouze<\/h3>\r\r\n\t<\/div>\r\r\n\r\n<\/div>\r\r\n[\/vc_column][vc_column width=\u00a0\u00bb1\/3&Prime;]\r\n<div class=\"grve-element grve-team grve-layout-3 grve-mouse-move\">\r\r\n\r\n\t<div class=\"grve-team-person\">\r\r\n\t\t<img loading=\"lazy\" decoding=\"async\" width=\"150\" height=\"150\" src=\"https:\/\/sofia-technologies.com\/wp-content\/uploads\/2022\/09\/AhmedCarre-150x150.jpg\" class=\"attachment-thumbnail size-thumbnail\" alt=\"DG-sofiatech\" data-column-space=\"auto\" data-lazyload=\"\" srcset=\"https:\/\/sofia-technologies.com\/wp-content\/uploads\/2022\/09\/AhmedCarre-150x150.jpg 150w, https:\/\/sofia-technologies.com\/wp-content\/uploads\/2022\/09\/AhmedCarre-300x300.jpg 300w, https:\/\/sofia-technologies.com\/wp-content\/uploads\/2022\/09\/AhmedCarre-1024x1024.jpg 1024w, https:\/\/sofia-technologies.com\/wp-content\/uploads\/2022\/09\/AhmedCarre-768x768.jpg 768w, https:\/\/sofia-technologies.com\/wp-content\/uploads\/2022\/09\/AhmedCarre-1536x1536.jpg 1536w, https:\/\/sofia-technologies.com\/wp-content\/uploads\/2022\/09\/AhmedCarre-560x560.jpg 560w, https:\/\/sofia-technologies.com\/wp-content\/uploads\/2022\/09\/AhmedCarre-900x900.jpg 900w, https:\/\/sofia-technologies.com\/wp-content\/uploads\/2022\/09\/AhmedCarre-1920x1920.jpg 1920w\" sizes=\"(max-width: 150px) 100vw, 150px\" \/>\r\n\t\t\r\n\t<\/div>\r\r\n\t<div class=\"grve-team-description\">\r\r\n\t\t\r\n\t\t<div class=\"grve-team-identity grve-small-text grve-text-orange\">CEO<\/div>\r\r\n\t\t\r\n\t\t<h3 class=\"grve-team-name grve-h5\">Ahmed Ben Aissa<\/h3>\r\r\n\t<\/div>\r\r\n\r\n<\/div>\r\r\n[\/vc_column][vc_column width=\u00a0\u00bb1\/3&Prime;]\r\n<div class=\"grve-element grve-team grve-layout-3 grve-mouse-move\">\r\r\n\r\n\t<div class=\"grve-team-person\">\r\r\n\t\t<img loading=\"lazy\" decoding=\"async\" width=\"150\" height=\"150\" src=\"https:\/\/sofia-technologies.com\/wp-content\/uploads\/2022\/09\/aminecarrenoiretblanc-150x150.jpg\" class=\"attachment-thumbnail size-thumbnail\" alt=\"sofia-europa-team\" data-column-space=\"auto\" data-lazyload=\"\" srcset=\"https:\/\/sofia-technologies.com\/wp-content\/uploads\/2022\/09\/aminecarrenoiretblanc-150x150.jpg 150w, https:\/\/sofia-technologies.com\/wp-content\/uploads\/2022\/09\/aminecarrenoiretblanc-300x300.jpg 300w, https:\/\/sofia-technologies.com\/wp-content\/uploads\/2022\/09\/aminecarrenoiretblanc-1024x1024.jpg 1024w, https:\/\/sofia-technologies.com\/wp-content\/uploads\/2022\/09\/aminecarrenoiretblanc-768x768.jpg 768w, https:\/\/sofia-technologies.com\/wp-content\/uploads\/2022\/09\/aminecarrenoiretblanc-1536x1536.jpg 1536w, https:\/\/sofia-technologies.com\/wp-content\/uploads\/2022\/09\/aminecarrenoiretblanc-560x560.jpg 560w, https:\/\/sofia-technologies.com\/wp-content\/uploads\/2022\/09\/aminecarrenoiretblanc-900x900.jpg 900w, https:\/\/sofia-technologies.com\/wp-content\/uploads\/2022\/09\/aminecarrenoiretblanc-1920x1920.jpg 1920w\" sizes=\"(max-width: 150px) 100vw, 150px\" \/>\r\n\t\t\r\n\t<\/div>\r\r\n\t<div class=\"grve-team-description\">\r\r\n\t\t\r\n\t\t<div class=\"grve-team-identity grve-small-text grve-text-orange\">General Manager Sofia Europa<\/div>\r\r\n\t\t\r\n\t\t<h3 class=\"grve-team-name grve-h5\">Amine Lasram<\/h3>\r\r\n\t<\/div>\r\r\n\r\n<\/div>\r\r\n[\/vc_column][\/vc_row]<\/p>\n","protected":false},"excerpt":{"rendered":"<p>[vc_row][vc_column][vc_column_text][\/vc_column_text][\/vc_column][\/vc_row][vc_row height_ratio=\u00a0\u00bb100&Prime; padding_top_multiplier=\u00a0\u00bbcustom\u00a0\u00bb padding_bottom_multiplier=\u00a0\u00bbcustom\u00a0\u00bb columns_gap=\u00a0\u00bb30&Prime; tablet_height_ratio=\u00a0\u00bb100&Prime; tablet_sm_height_ratio=\u00a0\u00bb60&Prime; mobile_height_ratio=\u00a0\u00bb100&Prime; padding_top=\u00a0\u00bb7%\u00a0\u00bb padding_bottom=\u00a0\u00bb7%\u00a0\u00bb][vc_column width=\u00a0\u00bb1\/2&Prime; vertical_content_position=\u00a0\u00bbmiddle\u00a0\u00bb rc_heading_color=\u00a0\u00bbprimary-1&Prime; tablet_sm_width=\u00a0\u00bb1-2&Prime; mobile_column_order=\u00a0\u00bb2&Prime; grve_css=\u00a0\u00bb{\u00ab\u00a0desktop\u00ab\u00a0:{\u00ab\u00a0z-index\u00ab\u00a0:3,\u00ab\u00a0class\u00ab\u00a0:\u00ab\u00a0grve-wpb-1644161404746\u00ab\u00a0},\u00ab\u00a0tablet_landscape\u00ab\u00a0:{\u00ab\u00a0z-index\u00ab\u00a0:3},\u00ab\u00a0tablet_portrait\u00ab\u00a0:{\u00ab\u00a0z-index\u00ab\u00a0:3}}\u00a0\u00bb][vc_row_inner][vc_column_inner mobile_width=\u00a0\u00bbhide\u00a0\u00bb][\/vc_column_inner][\/vc_row_inner][vc_row_inner][vc_column_inner width=\u00a0\u00bb1\/2&Prime;][vc_column_text animation=\u00a0\u00bbfade-in-up\u00a0\u00bb animation_delay=\u00a0\u00bb600&Prime;]Le focus client, la meilleure qualit\u00e9 et l&rsquo;excellence technique ont toujours \u00e9t\u00e9 au sommet de nos priorit\u00e9s. Nous sommes attach\u00e9s \u00e0 nos valeurs fondamentales : fid\u00e9lit\u00e9, respect et \u00e9coute des clients.[\/vc_column_text][\/vc_column_inner][vc_column_inner width=\u00a0\u00bb1\/2&Prime;][\/vc_column_inner][\/vc_row_inner][\/vc_column][vc_column width=\u00a0\u00bb1\/2&Prime; vertical_content_position=\u00a0\u00bbmiddle\u00a0\u00bb text_align=\u00a0\u00bbcenter\u00a0\u00bb tablet_sm_width=\u00a0\u00bb1-2&Prime; [&hellip;]<\/p>\n","protected":false},"author":3,"featured_media":0,"parent":0,"menu_order":0,"comment_status":"closed","ping_status":"closed","template":"","meta":{"content-type":"","om_disable_all_campaigns":false,"_mi_skip_tracking":false,"_monsterinsights_sitenote_active":false,"_monsterinsights_sitenote_note":"","_monsterinsights_sitenote_category":0,"footnotes":""},"aioseo_notices":[],"_links":{"self":[{"href":"https:\/\/sofia-technologies.com\/fr\/wp-json\/wp\/v2\/pages\/9596"}],"collection":[{"href":"https:\/\/sofia-technologies.com\/fr\/wp-json\/wp\/v2\/pages"}],"about":[{"href":"https:\/\/sofia-technologies.com\/fr\/wp-json\/wp\/v2\/types\/page"}],"author":[{"embeddable":true,"href":"https:\/\/sofia-technologies.com\/fr\/wp-json\/wp\/v2\/users\/3"}],"replies":[{"embeddable":true,"href":"https:\/\/sofia-technologies.com\/fr\/wp-json\/wp\/v2\/comments?post=9596"}],"version-history":[{"count":26,"href":"https:\/\/sofia-technologies.com\/fr\/wp-json\/wp\/v2\/pages\/9596\/revisions"}],"predecessor-version":[{"id":10146,"href":"https:\/\/sofia-technologies.com\/fr\/wp-json\/wp\/v2\/pages\/9596\/revisions\/10146"}],"wp:attachment":[{"href":"https:\/\/sofia-technologies.com\/fr\/wp-json\/wp\/v2\/media?parent=9596"}],"curies":[{"name":"wp","href":"https:\/\/api.w.org\/{rel}","templated":true}]}}