{"id":11153,"date":"2025-09-17T11:47:44","date_gmt":"2025-09-17T09:47:44","guid":{"rendered":"https:\/\/sofia-technologies.com\/design-produit-it\/innovative-solutions\/"},"modified":"2025-09-18T16:29:36","modified_gmt":"2025-09-18T14:29:36","slug":"innovative-solutions","status":"publish","type":"page","link":"https:\/\/sofia-technologies.com\/fr\/design-produit-it\/innovative-solutions\/","title":{"rendered":"Nos Solutions"},"content":{"rendered":"<p>[vc_row][vc_column]<div class=\"grve-element grve-divider\"><div class=\"grve-line-divider grve-border\"><\/div><\/div><h1 class=\"grve-element grve-title grve-align-center grve-page-title grve-custom-font-1 grve-text-primary-5\"><span><br>\n<h2 style=\"color:#193C6B;\">\n  <span class=\"grve-underline grve-line-primary-2 grve-active\">Nos solutions<\/span><\/h2>\n<\/span><\/h1>[\/vc_column][\/vc_row][vc_section][vc_row][vc_column text_align=\u00a0\u00bbcenter\u00a0\u00bb][vc_column_text][\/vc_column_text][\/vc_column][\/vc_row][\/vc_section][vc_row][vc_column]<div class=\"grve-element grve-image-text grve-style-1 grve-position-left\"><div class=\"grve-image\"><div class=\"grve-thumbnail-wrapper\"><div class=\"grve-thumbnail\"  style=\"padding-top: 100%;\"><img loading=\"lazy\" decoding=\"async\" width=\"768\" height=\"768\" src=\"https:\/\/sofia-technologies.com\/wp-content\/uploads\/2025\/09\/industry-banner-768x768-1.png\" class=\"attachment-full size-full grve-lazy-load lazyload\" alt=\"\" data-column-space=\"100\" data-lazyload=\"\" data-grve-filter=\"yes\" srcset=\"https:\/\/sofia-technologies.com\/wp-content\/themes\/impeka\/images\/empty\/empty.png\" data-src=\"https:\/\/sofia-technologies.com\/wp-content\/uploads\/2025\/09\/industry-banner-768x768-1.png\" data-sizes=\"auto\" data-srcset=\"https:\/\/sofia-technologies.com\/wp-content\/uploads\/2025\/09\/industry-banner-768x768-1.png 768w, https:\/\/sofia-technologies.com\/wp-content\/uploads\/2025\/09\/industry-banner-768x768-1-300x300.png 300w, https:\/\/sofia-technologies.com\/wp-content\/uploads\/2025\/09\/industry-banner-768x768-1-150x150.png 150w, https:\/\/sofia-technologies.com\/wp-content\/uploads\/2025\/09\/industry-banner-768x768-1-560x560.png 560w\" data-expand=\"1\" \/><\/div><\/div><\/div><div class=\"grve-content grve-align-left\"><div class=\"grve-content-inner\"><h3 class=\"grve-title grve-h3 grve-custom-font-1 grve-text-primary-5\">EnerSmart<\/h3><p class=\"grve-description  grve-page-description grve-text-inherit\">Optimisez votre consommation et r\u00e9duisez vos co\u00fbts avec EnerSmart, la solution avanc\u00e9e de supervision des r\u00e9seaux \u00e9lectriques basse tension. Successeur de SmartEnergy de Sofiatech, elle combine innovation et performance pour une gestion \u00e9nerg\u00e9tique plus efficace et conforme aux r\u00e9glementations tunisiennes.<br \/>\nPourquoi choisir EnerSmart ?<br \/>\n\u2022 Interface intuitive : Prise en main rapide et navigation fluide.<br \/>\n\u2022 Flexibilit\u00e9 totale : Adaptation facile \u00e0 vos installations.<br \/>\n\u2022 \u00c9conomies durables : R\u00e9duction des co\u00fbts et de l\u2019empreinte carbone.<br \/>\n\u2022 Surveillance proactive : Anticipez et \u00e9vitez les anomalies.<br \/>\nBien plus qu\u2019un outil, EnerSmart est votre alli\u00e9 strat\u00e9gique pour une gestion \u00e9nerg\u00e9tique intelligente et comp\u00e9titive. Passez \u00e0 l\u2019action d\u00e8s aujourd\u2019hui et r\u00e9volutionnez votre consommation !<\/p><\/div><\/div><\/div>[vc_row_inner][vc_column_inner]<div class=\"grve-empty-space grve-height-3x\"><\/div><div class=\"grve-element grve-align-center\">\r\n<a href=\"https:\/\/share.hsforms.com\/1Q21K0WLDSB2x76pD_ByirQ4o9go\" target=\"_blank\" class=\"grve-btn grve-round grve-bg-orange grve-border-orange grve-bg-hover-black grve-border-hover-black grve-pulse grve-text-white grve-text-hover-white grve-shadow-medium grve-btn-medium\">\r\r\n\t\r\n\t<span>T\u00e9l\u00e9charger Factsheet<\/span>\r\r\n\t\r\n\t\r\n\t\r\n\t\t\r\n\t\r\n\t\r\n<\/a><\/div><div class=\"grve-empty-space grve-height-3x\"><\/div>[\/vc_column_inner][\/vc_row_inner][vc_raw_html]JTNDJTIxRE9DVFlQRSUyMGh0bWwlM0UlMEElM0NodG1sJTIwbGFuZyUzRCUyMmZyJTIyJTNFJTBBJTNDaGVhZCUzRSUwQSUzQ21ldGElMjBjaGFyc2V0JTNEJTIyVVRGLTglMjIlM0UlMEElM0N0aXRsZSUzRUNvbXB0ZXVyJTIwYW5pbSVDMyVBOSUyMEVuZXJTbWFydCUzQyUyRnRpdGxlJTNFJTBBJTNDc3R5bGUlM0UlMEElMjAlMjBib2R5JTIwJTdCJTBBJTIwJTIwJTIwJTIwZm9udC1mYW1pbHklM0ElMjAlMjdBcmlhbCUyNyUyQyUyMHNhbnMtc2VyaWYlM0IlMEElMjAlMjAlMjAlMjB0ZXh0LWFsaWduJTNBJTIwY2VudGVyJTNCJTBBJTIwJTIwJTIwJTIwcGFkZGluZyUzQSUyMDUwcHglM0IlMEElMjAlMjAlMjAlMjBiYWNrZ3JvdW5kLWNvbG9yJTNBJTIwdHJhbnNwYXJlbnQlM0IlMjAlMkYlMkElMjBmb25kJTIwdHJhbnNwYXJlbnQlMjAlMkElMkYlMEElMjAlMjAlN0QlMEElMEElMjAlMjAuY291bnRlciUyMCU3QiUwQSUyMCUyMCUyMCUyMGZvbnQtc2l6ZSUzQSUyMDYwcHglM0IlMEElMjAlMjAlMjAlMjBjb2xvciUzQSUyMCUyMzE5M0M2QiUzQiUyMCUyMCUyMCUyMCUyMCUyMCUyMCUyMCUyMCUyMCUwQSUyMCUyMCUyMCUyMG1hcmdpbiUzQSUyMDIwcHglMjAwJTNCJTBBJTIwJTIwJTdEJTBBJTBBJTIwJTIwLmxhYmVsJTIwJTdCJTBBJTIwJTIwJTIwJTIwZm9udC1zaXplJTNBJTIwMjBweCUzQiUwQSUyMCUyMCUyMCUyMGNvbG9yJTNBJTIwJTIzRUQ4QjAwJTNCJTIwJTJGJTJBJTIwdGl0cmUlMjBzb3VzJTIwbGUlMjBjb21wdGV1ciUyMGVuJTIwb3JhbmdlJTIwJTJBJTJGJTBBJTIwJTIwJTIwJTIwbWFyZ2luLXRvcCUzQSUyMDEwcHglM0IlMEElMjAlMjAlN0QlMEElMEElMjAlMjAlMkYlMkElMjBGbCVDMyVBOGNoZSUyMGQlQzMlQTljb3JhdGl2ZSUyMGF1LWRlc3N1cyUyMGR1JTIwY29tcHRldXIlMjAlMkElMkYlMEElMjAlMjAuYXJyb3clMjAlN0IlMEElMjAlMjAlMjAlMjB3aWR0aCUzQSUyMDAlM0IlMjAlMEElMjAlMjAlMjAlMjBoZWlnaHQlM0ElMjAwJTNCJTIwJTBBJTIwJTIwJTIwJTIwYm9yZGVyLWxlZnQlM0ElMjAyMHB4JTIwc29saWQlMjB0cmFuc3BhcmVudCUzQiUwQSUyMCUyMCUyMCUyMGJvcmRlci1yaWdodCUzQSUyMDIwcHglMjBzb2xpZCUyMHRyYW5zcGFyZW50JTNCJTBBJTIwJTIwJTIwJTIwYm9yZGVyLWJvdHRvbSUzQSUyMDMwcHglMjBzb2xpZCUyMCUyM0VEOEIwMCUzQiUyMCUyRiUyQSUyMGZsJUMzJUE4Y2hlJTIwb3JhbmdlJTIwJTJBJTJGJTBBJTIwJTIwJTIwJTIwbWFyZ2luJTNBJTIwMCUyMGF1dG8lM0IlMEElMjAlMjAlMjAlMjBtYXJnaW4tYm90dG9tJTNBJTIwMjBweCUzQiUwQSUyMCUyMCUyMCUyMGFuaW1hdGlvbiUzQSUyMGJvdW5jZSUyMDEuNXMlMjBpbmZpbml0ZSUzQiUwQSUyMCUyMCU3RCUwQSUwQSUyMCUyMCU0MGtleWZyYW1lcyUyMGJvdW5jZSUyMCU3QiUwQSUyMCUyMCUyMCUyMDAlMjUlMkMlMjAxMDAlMjUlMjAlN0IlMjB0cmFuc2Zvcm0lM0ElMjB0cmFuc2xhdGVZJTI4MCUyOSUzQiUyMCU3RCUwQSUyMCUyMCUyMCUyMDUwJTI1JTIwJTdCJTIwdHJhbnNmb3JtJTNBJTIwdHJhbnNsYXRlWSUyOC0xNXB4JTI5JTNCJTIwJTdEJTBBJTIwJTIwJTdEJTBBJTNDJTJGc3R5bGUlM0UlMEElM0MlMkZoZWFkJTNFJTBBJTNDYm9keSUzRSUwQSUwQSUzQ2RpdiUyMGNsYXNzJTNEJTIyYXJyb3clMjIlM0UlM0MlMkZkaXYlM0UlMjAlM0MlMjEtLSUyMGZsJUMzJUE4Y2hlJTIwYXUtZGVzc3VzJTIwZHUlMjBjb21wdGV1ciUyMC0tJTNFJTBBJTBBJTNDZGl2JTNFJTBBJTIwJTIwJTNDZGl2JTIwY2xhc3MlM0QlMjJjb3VudGVyJTIyJTIwaWQlM0QlMjJjYXJib25Db3VudGVyJTIyJTNFMCUyNSUzQyUyRmRpdiUzRSUwQSUyMCUyMCUzQ2RpdiUyMGNsYXNzJTNEJTIybGFiZWwlMjIlM0VSJUMzJUE5ZHVjdGlvbiUyMGRlJTIwbCVFMiU4MCU5OWludGVuc2l0JUMzJUE5JTIwY2FyYm9uZSUyMGQlRTIlODAlOTlpY2klMjAyMDMwJTNDJTJGZGl2JTNFJTBBJTNDJTJGZGl2JTNFJTBBJTBBJTNDc2NyaXB0JTNFJTBBJTIwJTIwJTJGJTJGJTIwQ29tcHRldXIlMjBwb3VyJTIwMCUyMCVDMyVBMCUyMDQ1JTI1JTBBJTIwJTIwbGV0JTIwY2FyYm9uVGFyZ2V0JTIwJTNEJTIwNDUlM0IlMEElMjAlMjBsZXQlMjBjYXJib25Db3VudCUyMCUzRCUyMDAlM0IlMEElMjAlMjBsZXQlMjBjYXJib25Db3VudGVyJTIwJTNEJTIwZG9jdW1lbnQuZ2V0RWxlbWVudEJ5SWQlMjglMjdjYXJib25Db3VudGVyJTI3JTI5JTNCJTBBJTBBJTIwJTIwbGV0JTIwY2FyYm9uSW50ZXJ2YWwlMjAlM0QlMjBzZXRJbnRlcnZhbCUyOCUyOCUyOSUyMCUzRCUzRSUyMCU3QiUwQSUyMCUyMCUyMCUyMGlmJTI4Y2FyYm9uQ291bnQlMjAlM0MlMjBjYXJib25UYXJnZXQlMjklN0IlMEElMjAlMjAlMjAlMjAlMjAlMjBjYXJib25Db3VudCUyQiUyQiUzQiUwQSUyMCUyMCUyMCUyMCUyMCUyMGNhcmJvbkNvdW50ZXIuaW5uZXJUZXh0JTIwJTNEJTIwY2FyYm9uQ291bnQlMjAlMkIlMjAlMjclMjUlMjclM0IlMEElMjAlMjAlMjAlMjAlN0QlMjBlbHNlJTIwJTdCJTBBJTIwJTIwJTIwJTIwJTIwJTIwY2xlYXJJbnRlcnZhbCUyOGNhcmJvbkludGVydmFsJTI5JTNCJTBBJTIwJTIwJTIwJTIwJTdEJTBBJTIwJTIwJTdEJTJDJTIwNTAlMjklM0IlMEElM0MlMkZzY3JpcHQlM0UlMEElMEElM0MlMkZib2R5JTNFJTBBJTNDJTJGaHRtbCUzRSUwQQ==[\/vc_raw_html][\/vc_column][\/vc_row][vc_row][vc_column]<div class=\"grve-element grve-image-text grve-style-1 grve-position-right\"><div class=\"grve-image\"><div class=\"grve-thumbnail-wrapper\"><div class=\"grve-thumbnail\"  style=\"padding-top: 100%;\"><img loading=\"lazy\" decoding=\"async\" width=\"1080\" height=\"1080\" src=\"https:\/\/sofia-technologies.com\/wp-content\/uploads\/2025\/09\/2-2.png\" class=\"attachment-full size-full grve-lazy-load lazyload\" alt=\"\" data-column-space=\"100\" data-lazyload=\"\" data-grve-filter=\"yes\" srcset=\"https:\/\/sofia-technologies.com\/wp-content\/themes\/impeka\/images\/empty\/empty.png\" data-src=\"https:\/\/sofia-technologies.com\/wp-content\/uploads\/2025\/09\/2-2.png\" data-sizes=\"auto\" data-srcset=\"https:\/\/sofia-technologies.com\/wp-content\/uploads\/2025\/09\/2-2.png 1080w, https:\/\/sofia-technologies.com\/wp-content\/uploads\/2025\/09\/2-2-300x300.png 300w, https:\/\/sofia-technologies.com\/wp-content\/uploads\/2025\/09\/2-2-1024x1024.png 1024w, https:\/\/sofia-technologies.com\/wp-content\/uploads\/2025\/09\/2-2-150x150.png 150w, https:\/\/sofia-technologies.com\/wp-content\/uploads\/2025\/09\/2-2-768x768.png 768w, https:\/\/sofia-technologies.com\/wp-content\/uploads\/2025\/09\/2-2-560x560.png 560w, https:\/\/sofia-technologies.com\/wp-content\/uploads\/2025\/09\/2-2-900x900.png 900w\" data-expand=\"1\" \/><\/div><\/div><\/div><div class=\"grve-content grve-align-left\"><div class=\"grve-content-inner\"><h3 class=\"grve-title grve-h3 grve-custom-font-1 grve-text-primary-5\">EnvoSmart<\/h3><p class=\"grve-description  grve-page-description grve-text-inherit\">Solution IoT permet de collecter en temps r\u00e9el des donn\u00e9es telles que la temp\u00e9rature, l\u2019humidit\u00e9, le taux de CO\u2082 dans l\u2019atmosph\u00e8re, ainsi que la pression atmosph\u00e9rique. Gr\u00e2ce \u00e0 notre gamme de produits STVNano, vous pouvez surveiller l\u2019\u00e9tat de l\u2019ensemble de vos sites et recevoir en temps r\u00e9el des alertes en cas d\u2019anomalies d\u00e9tect\u00e9es.<br \/>\nEnvoSmart repose sur la technologie LoRaWAN, ce qui \u00e9limine la n\u00e9cessit\u00e9 de tirer des kilom\u00e8tres de c\u00e2bles. Elle offre une couverture d\u00e9passant 2 km en champ libre.<\/p><\/div><\/div><\/div><div class=\"grve-element grve-align-left\">\r\n<a href=\"#\" class=\"grve-btn grve-round grve-bg-primary-2 grve-border-primary-2 grve-bg-hover-black grve-border-hover-black grve-text-white grve-text-hover-white grve-btn-medium\">\r\r\n\t\r\n\t<span>T\u00e9l\u00e9charger Factsheet<\/span>\r\r\n\t\r\n\t\r\n\t\r\n\t\t\r\n\t\r\n\t\r\n<\/a><\/div>[\/vc_column][\/vc_row][vc_row][vc_column]<div class=\"grve-element grve-image-text grve-style-1 grve-position-left\"><div class=\"grve-image\"><div class=\"grve-thumbnail-wrapper\"><div class=\"grve-thumbnail\"  style=\"padding-top: 100%;\"><img loading=\"lazy\" decoding=\"async\" width=\"1080\" height=\"1080\" src=\"https:\/\/sofia-technologies.com\/wp-content\/uploads\/2025\/09\/No-alternative-text-description-for-this-image.png\" class=\"attachment-full size-full grve-lazy-load lazyload\" alt=\"\" data-column-space=\"100\" data-lazyload=\"\" data-grve-filter=\"yes\" srcset=\"https:\/\/sofia-technologies.com\/wp-content\/themes\/impeka\/images\/empty\/empty.png\" data-src=\"https:\/\/sofia-technologies.com\/wp-content\/uploads\/2025\/09\/No-alternative-text-description-for-this-image.png\" data-sizes=\"auto\" data-srcset=\"https:\/\/sofia-technologies.com\/wp-content\/uploads\/2025\/09\/No-alternative-text-description-for-this-image.png 1080w, https:\/\/sofia-technologies.com\/wp-content\/uploads\/2025\/09\/No-alternative-text-description-for-this-image-300x300.png 300w, https:\/\/sofia-technologies.com\/wp-content\/uploads\/2025\/09\/No-alternative-text-description-for-this-image-1024x1024.png 1024w, https:\/\/sofia-technologies.com\/wp-content\/uploads\/2025\/09\/No-alternative-text-description-for-this-image-150x150.png 150w, https:\/\/sofia-technologies.com\/wp-content\/uploads\/2025\/09\/No-alternative-text-description-for-this-image-768x768.png 768w, https:\/\/sofia-technologies.com\/wp-content\/uploads\/2025\/09\/No-alternative-text-description-for-this-image-560x560.png 560w, https:\/\/sofia-technologies.com\/wp-content\/uploads\/2025\/09\/No-alternative-text-description-for-this-image-900x900.png 900w\" data-expand=\"1\" \/><\/div><\/div><\/div><div class=\"grve-content grve-align-left\"><div class=\"grve-content-inner\"><h3 class=\"grve-title grve-h3 grve-custom-font-1 grve-text-primary-5\">FirmaSmart<\/h3><p class=\"grve-description grve-text-inherit\">D\u00e9di\u00e9e \u00e0 la gestion des terrains agricoles et \u00e0 la visualisation r\u00e9elle des donn\u00e9es m\u00e9t\u00e9orologiques. Elle offre une vision centralis\u00e9e de l\u2019ensemble de vos domaines. Il devient ainsi possible, en un seul clic, de conna\u00eetre les quantit\u00e9s d\u2019eau d\u00e9bit\u00e9es par jour ou d\u2019identifier les zones s\u00e8ches d\u2019une parcelle situ\u00e9e n\u2019importe o\u00f9 sur le territoire tunisien.<\/p><\/div><\/div><\/div><div class=\"grve-element grve-align-right\">\r\n<a href=\"#\" class=\"grve-btn grve-round grve-bg-primary-2 grve-border-primary-2 grve-bg-hover-black grve-border-hover-black grve-text-white grve-text-hover-white grve-btn-medium\">\r\r\n\t\r\n\t<span>T\u00e9l\u00e9charger Factsheet<\/span>\r\r\n\t\r\n\t\r\n\t\r\n\t\t\r\n\t\r\n\t\r\n<\/a><\/div>[\/vc_column][\/vc_row]<\/p>\n","protected":false},"excerpt":{"rendered":"<p>[vc_row][vc_column][\/vc_column][\/vc_row][vc_section][vc_row][vc_column text_align=\u00a0\u00bbcenter\u00a0\u00bb][vc_column_text][\/vc_column_text][\/vc_column][\/vc_row][\/vc_section][vc_row][vc_column][vc_row_inner][vc_column_inner][\/vc_column_inner][\/vc_row_inner][vc_raw_html]JTNDJTIxRE9DVFlQRSUyMGh0bWwlM0UlMEElM0NodG1sJTIwbGFuZyUzRCUyMmZyJTIyJTNFJTBBJTNDaGVhZCUzRSUwQSUzQ21ldGElMjBjaGFyc2V0JTNEJTIyVVRGLTglMjIlM0UlMEElM0N0aXRsZSUzRUNvbXB0ZXVyJTIwYW5pbSVDMyVBOSUyMEVuZXJTbWFydCUzQyUyRnRpdGxlJTNFJTBBJTNDc3R5bGUlM0UlMEElMjAlMjBib2R5JTIwJTdCJTBBJTIwJTIwJTIwJTIwZm9udC1mYW1pbHklM0ElMjAlMjdBcmlhbCUyNyUyQyUyMHNhbnMtc2VyaWYlM0IlMEElMjAlMjAlMjAlMjB0ZXh0LWFsaWduJTNBJTIwY2VudGVyJTNCJTBBJTIwJTIwJTIwJTIwcGFkZGluZyUzQSUyMDUwcHglM0IlMEElMjAlMjAlMjAlMjBiYWNrZ3JvdW5kLWNvbG9yJTNBJTIwdHJhbnNwYXJlbnQlM0IlMjAlMkYlMkElMjBmb25kJTIwdHJhbnNwYXJlbnQlMjAlMkElMkYlMEElMjAlMjAlN0QlMEElMEElMjAlMjAuY291bnRlciUyMCU3QiUwQSUyMCUyMCUyMCUyMGZvbnQtc2l6ZSUzQSUyMDYwcHglM0IlMEElMjAlMjAlMjAlMjBjb2xvciUzQSUyMCUyMzE5M0M2QiUzQiUyMCUyMCUyMCUyMCUyMCUyMCUyMCUyMCUyMCUyMCUwQSUyMCUyMCUyMCUyMG1hcmdpbiUzQSUyMDIwcHglMjAwJTNCJTBBJTIwJTIwJTdEJTBBJTBBJTIwJTIwLmxhYmVsJTIwJTdCJTBBJTIwJTIwJTIwJTIwZm9udC1zaXplJTNBJTIwMjBweCUzQiUwQSUyMCUyMCUyMCUyMGNvbG9yJTNBJTIwJTIzRUQ4QjAwJTNCJTIwJTJGJTJBJTIwdGl0cmUlMjBzb3VzJTIwbGUlMjBjb21wdGV1ciUyMGVuJTIwb3JhbmdlJTIwJTJBJTJGJTBBJTIwJTIwJTIwJTIwbWFyZ2luLXRvcCUzQSUyMDEwcHglM0IlMEElMjAlMjAlN0QlMEElMEElMjAlMjAlMkYlMkElMjBGbCVDMyVBOGNoZSUyMGQlQzMlQTljb3JhdGl2ZSUyMGF1LWRlc3N1cyUyMGR1JTIwY29tcHRldXIlMjAlMkElMkYlMEElMjAlMjAuYXJyb3clMjAlN0IlMEElMjAlMjAlMjAlMjB3aWR0aCUzQSUyMDAlM0IlMjAlMEElMjAlMjAlMjAlMjBoZWlnaHQlM0ElMjAwJTNCJTIwJTBBJTIwJTIwJTIwJTIwYm9yZGVyLWxlZnQlM0ElMjAyMHB4JTIwc29saWQlMjB0cmFuc3BhcmVudCUzQiUwQSUyMCUyMCUyMCUyMGJvcmRlci1yaWdodCUzQSUyMDIwcHglMjBzb2xpZCUyMHRyYW5zcGFyZW50JTNCJTBBJTIwJTIwJTIwJTIwYm9yZGVyLWJvdHRvbSUzQSUyMDMwcHglMjBzb2xpZCUyMCUyM0VEOEIwMCUzQiUyMCUyRiUyQSUyMGZsJUMzJUE4Y2hlJTIwb3JhbmdlJTIwJTJBJTJGJTBBJTIwJTIwJTIwJTIwbWFyZ2luJTNBJTIwMCUyMGF1dG8lM0IlMEElMjAlMjAlMjAlMjBtYXJnaW4tYm90dG9tJTNBJTIwMjBweCUzQiUwQSUyMCUyMCUyMCUyMGFuaW1hdGlvbiUzQSUyMGJvdW5jZSUyMDEuNXMlMjBpbmZpbml0ZSUzQiUwQSUyMCUyMCU3RCUwQSUwQSUyMCUyMCU0MGtleWZyYW1lcyUyMGJvdW5jZSUyMCU3QiUwQSUyMCUyMCUyMCUyMDAlMjUlMkMlMjAxMDAlMjUlMjAlN0IlMjB0cmFuc2Zvcm0lM0ElMjB0cmFuc2xhdGVZJTI4MCUyOSUzQiUyMCU3RCUwQSUyMCUyMCUyMCUyMDUwJTI1JTIwJTdCJTIwdHJhbnNmb3JtJTNBJTIwdHJhbnNsYXRlWSUyOC0xNXB4JTI5JTNCJTIwJTdEJTBBJTIwJTIwJTdEJTBBJTNDJTJGc3R5bGUlM0UlMEElM0MlMkZoZWFkJTNFJTBBJTNDYm9keSUzRSUwQSUwQSUzQ2RpdiUyMGNsYXNzJTNEJTIyYXJyb3clMjIlM0UlM0MlMkZkaXYlM0UlMjAlM0MlMjEtLSUyMGZsJUMzJUE4Y2hlJTIwYXUtZGVzc3VzJTIwZHUlMjBjb21wdGV1ciUyMC0tJTNFJTBBJTBBJTNDZGl2JTNFJTBBJTIwJTIwJTNDZGl2JTIwY2xhc3MlM0QlMjJjb3VudGVyJTIyJTIwaWQlM0QlMjJjYXJib25Db3VudGVyJTIyJTNFMCUyNSUzQyUyRmRpdiUzRSUwQSUyMCUyMCUzQ2RpdiUyMGNsYXNzJTNEJTIybGFiZWwlMjIlM0VSJUMzJUE5ZHVjdGlvbiUyMGRlJTIwbCVFMiU4MCU5OWludGVuc2l0JUMzJUE5JTIwY2FyYm9uZSUyMGQlRTIlODAlOTlpY2klMjAyMDMwJTNDJTJGZGl2JTNFJTBBJTNDJTJGZGl2JTNFJTBBJTBBJTNDc2NyaXB0JTNFJTBBJTIwJTIwJTJGJTJGJTIwQ29tcHRldXIlMjBwb3VyJTIwMCUyMCVDMyVBMCUyMDQ1JTI1JTBBJTIwJTIwbGV0JTIwY2FyYm9uVGFyZ2V0JTIwJTNEJTIwNDUlM0IlMEElMjAlMjBsZXQlMjBjYXJib25Db3VudCUyMCUzRCUyMDAlM0IlMEElMjAlMjBsZXQlMjBjYXJib25Db3VudGVyJTIwJTNEJTIwZG9jdW1lbnQuZ2V0RWxlbWVudEJ5SWQlMjglMjdjYXJib25Db3VudGVyJTI3JTI5JTNCJTBBJTBBJTIwJTIwbGV0JTIwY2FyYm9uSW50ZXJ2YWwlMjAlM0QlMjBzZXRJbnRlcnZhbCUyOCUyOCUyOSUyMCUzRCUzRSUyMCU3QiUwQSUyMCUyMCUyMCUyMGlmJTI4Y2FyYm9uQ291bnQlMjAlM0MlMjBjYXJib25UYXJnZXQlMjklN0IlMEElMjAlMjAlMjAlMjAlMjAlMjBjYXJib25Db3VudCUyQiUyQiUzQiUwQSUyMCUyMCUyMCUyMCUyMCUyMGNhcmJvbkNvdW50ZXIuaW5uZXJUZXh0JTIwJTNEJTIwY2FyYm9uQ291bnQlMjAlMkIlMjAlMjclMjUlMjclM0IlMEElMjAlMjAlMjAlMjAlN0QlMjBlbHNlJTIwJTdCJTBBJTIwJTIwJTIwJTIwJTIwJTIwY2xlYXJJbnRlcnZhbCUyOGNhcmJvbkludGVydmFsJTI5JTNCJTBBJTIwJTIwJTIwJTIwJTdEJTBBJTIwJTIwJTdEJTJDJTIwNTAlMjklM0IlMEElM0MlMkZzY3JpcHQlM0UlMEElMEElM0MlMkZib2R5JTNFJTBBJTNDJTJGaHRtbCUzRSUwQQ==[\/vc_raw_html][\/vc_column][\/vc_row][vc_row][vc_column][\/vc_column][\/vc_row][vc_row][vc_column][\/vc_column][\/vc_row]<\/p>\n","protected":false},"author":3,"featured_media":0,"parent":9608,"menu_order":0,"comment_status":"closed","ping_status":"closed","template":"","meta":{"content-type":"","om_disable_all_campaigns":false,"_mi_skip_tracking":false,"_monsterinsights_sitenote_active":false,"_monsterinsights_sitenote_note":"","_monsterinsights_sitenote_category":0,"footnotes":""},"aioseo_notices":[],"_links":{"self":[{"href":"https:\/\/sofia-technologies.com\/fr\/wp-json\/wp\/v2\/pages\/11153"}],"collection":[{"href":"https:\/\/sofia-technologies.com\/fr\/wp-json\/wp\/v2\/pages"}],"about":[{"href":"https:\/\/sofia-technologies.com\/fr\/wp-json\/wp\/v2\/types\/page"}],"author":[{"embeddable":true,"href":"https:\/\/sofia-technologies.com\/fr\/wp-json\/wp\/v2\/users\/3"}],"replies":[{"embeddable":true,"href":"https:\/\/sofia-technologies.com\/fr\/wp-json\/wp\/v2\/comments?post=11153"}],"version-history":[{"count":57,"href":"https:\/\/sofia-technologies.com\/fr\/wp-json\/wp\/v2\/pages\/11153\/revisions"}],"predecessor-version":[{"id":11272,"href":"https:\/\/sofia-technologies.com\/fr\/wp-json\/wp\/v2\/pages\/11153\/revisions\/11272"}],"up":[{"embeddable":true,"href":"https:\/\/sofia-technologies.com\/fr\/wp-json\/wp\/v2\/pages\/9608"}],"wp:attachment":[{"href":"https:\/\/sofia-technologies.com\/fr\/wp-json\/wp\/v2\/media?parent=11153"}],"curies":[{"name":"wp","href":"https:\/\/api.w.org\/{rel}","templated":true}]}}