{"id":10765,"date":"2023-11-07T11:39:31","date_gmt":"2023-11-07T10:39:31","guid":{"rendered":"https:\/\/sofia-technologies.com\/?page_id=10765"},"modified":"2023-11-07T13:14:32","modified_gmt":"2023-11-07T12:14:32","slug":"demande-de-stage","status":"publish","type":"page","link":"https:\/\/sofia-technologies.com\/fr\/demande-de-stage\/","title":{"rendered":"Demande de stage"},"content":{"rendered":"<p>[vc_row padding_top_multiplier=\u00a0\u00bb4x\u00a0\u00bb padding_bottom_multiplier=\u00a0\u00bb4x\u00a0\u00bb][vc_column width=\u00a0\u00bb1\/3&Prime;][\/vc_column][vc_column width=\u00a0\u00bb2\/3&Prime; rc_bg_type=\u00a0\u00bbcolor\u00a0\u00bb rc_bg_color=\u00a0\u00bb#f0f0f0&Prime; rc_font_color=\u00a0\u00bb#183c6a\u00a0\u00bb][vc_row_inner padding_top_multiplier=\u00a0\u00bb3x\u00a0\u00bb padding_bottom_multiplier=\u00a0\u00bb2x\u00a0\u00bb][vc_column_inner grve_css=\u00a0\u00bb{\u00ab\u00a0desktop\u00ab\u00a0:{\u00ab\u00a0margin-left\u00ab\u00a0:\u00ab\u00a0-20%\u00ab\u00a0,\u00ab\u00a0padding-left\u00ab\u00a0:\u00ab\u00a00\u00ab\u00a0,\u00ab\u00a0class\u00ab\u00a0:\u00ab\u00a0grve-wpb-1612860368069\u00ab\u00a0},\u00ab\u00a0mobile_landscape\u00ab\u00a0:{\u00ab\u00a0margin-left\u00ab\u00a0:\u00ab\u00a00\u00ab\u00a0,\u00ab\u00a0padding-left\u00ab\u00a0:\u00ab\u00a040\u00ab\u00a0}}\u00a0\u00bb]<h1 class=\"grve-element grve-title grve-align-inherit grve-h1 grve-text-black\"><span>\u00cates-vous \u00e9tudiant \u00e0 la recherche d&rsquo;un stage?<\/span><\/h1><div class=\"grve-empty-space grve-height-1x\"><\/div>[\/vc_column_inner][\/vc_row_inner]\r\n<div class=\"grve-element grve-image grve-align-center\">\r\r\n\r\n\t<div class=\"grve-image-item\">\r\r\n\t\t\r\n\r\r\n\r\r\n<div class=\"grve-image-wrapper grve-no-effect\">\r\r\n\t\r\n\t<div class=\"grve-thumbnail-wrapper\"  style=\"width: 2560px;\"><div class=\"grve-thumbnail\"  style=\"padding-top: 66.68%;\"><img loading=\"lazy\" decoding=\"async\" width=\"2560\" height=\"1707\" src=\"https:\/\/sofia-technologies.com\/wp-content\/uploads\/2023\/11\/L36A0476-scaled.jpg\" class=\"attachment-full size-full grve-lazy-load lazyload\" alt=\"Sofiatech team\" data-column-space=\"auto\" data-lazyload=\"\" data-grve-filter=\"yes\" srcset=\"https:\/\/sofia-technologies.com\/wp-content\/themes\/impeka\/images\/empty\/empty.png\" data-src=\"https:\/\/sofia-technologies.com\/wp-content\/uploads\/2023\/11\/L36A0476-scaled.jpg\" data-sizes=\"auto\" data-srcset=\"https:\/\/sofia-technologies.com\/wp-content\/uploads\/2023\/11\/L36A0476-scaled.jpg 2560w, https:\/\/sofia-technologies.com\/wp-content\/uploads\/2023\/11\/L36A0476-300x200.jpg 300w, https:\/\/sofia-technologies.com\/wp-content\/uploads\/2023\/11\/L36A0476-1024x683.jpg 1024w, https:\/\/sofia-technologies.com\/wp-content\/uploads\/2023\/11\/L36A0476-768x512.jpg 768w, https:\/\/sofia-technologies.com\/wp-content\/uploads\/2023\/11\/L36A0476-1536x1024.jpg 1536w, https:\/\/sofia-technologies.com\/wp-content\/uploads\/2023\/11\/L36A0476-1920x1280.jpg 1920w\" data-expand=\"1\" \/><\/div><\/div>\r\n\t\r\n<\/div>\r\r\n\r\n\t<\/div>\r\r\n<\/div>\r\r\n[\/vc_column][\/vc_row][vc_row][vc_column][vc_column_text]Veuillez prendre quelques minutes pour remplir le formulaire de candidature, ce qui nous permettra de mieux comprendre vos int\u00e9r\u00eats et qualifications. Nous sommes impatients d&rsquo;en savoir plus sur vous et de voir comment nous pouvons vous offrir une exp\u00e9rience de stage d&rsquo;\u00e9t\u00e9 significative et \u00e9ducative.<\/p>\n<p>Merci de nous consid\u00e9rer comme un h\u00f4te potentiel pour votre stage d&rsquo;\u00e9t\u00e9. Nous attendons avec impatience de recevoir vos candidatures et sommes enthousiastes \u00e0 l&rsquo;id\u00e9e de collaborer avec les \u00e9tudiants talentueux qui rejoignent notre \u00e9quipe.[\/vc_column_text][\/vc_column][\/vc_row][vc_row][vc_column][vc_raw_html]JTNDc2NyaXB0JTIwY2hhcnNldCUzRCUyMnV0Zi04JTIyJTIwdHlwZSUzRCUyMnRleHQlMkZqYXZhc2NyaXB0JTIyJTIwc3JjJTNEJTIyJTJGJTJGanMuaHNmb3Jtcy5uZXQlMkZmb3JtcyUyRmVtYmVkJTJGdjIuanMlMjIlM0UlM0MlMkZzY3JpcHQlM0UlMEElM0NzY3JpcHQlM0UlMEElMjAlMjBoYnNwdC5mb3Jtcy5jcmVhdGUlMjglN0IlMEElMjAlMjAlMjAlMjByZWdpb24lM0ElMjAlMjJuYTElMjIlMkMlMEElMjAlMjAlMjAlMjBwb3J0YWxJZCUzQSUyMCUyMjc4NTA0NzIlMjIlMkMlMEElMjAlMjAlMjAlMjBmb3JtSWQlM0ElMjAlMjIyNjkxNjRkMy1mOGE0LTRmMzgtOWFlZS1jODRjZWE0YzRhMjYlMjIlMEElMjAlMjAlN0QlMjklM0IlMEElM0MlMkZzY3JpcHQlM0U=[\/vc_raw_html][\/vc_column][\/vc_row]<\/p>\n","protected":false},"excerpt":{"rendered":"<p>[vc_row padding_top_multiplier=\u00a0\u00bb4x\u00a0\u00bb padding_bottom_multiplier=\u00a0\u00bb4x\u00a0\u00bb][vc_column width=\u00a0\u00bb1\/3&Prime;][\/vc_column][vc_column width=\u00a0\u00bb2\/3&Prime; rc_bg_type=\u00a0\u00bbcolor\u00a0\u00bb rc_bg_color=\u00a0\u00bb#f0f0f0&Prime; rc_font_color=\u00a0\u00bb#183c6a\u00a0\u00bb][vc_row_inner padding_top_multiplier=\u00a0\u00bb3x\u00a0\u00bb padding_bottom_multiplier=\u00a0\u00bb2x\u00a0\u00bb][vc_column_inner grve_css=\u00a0\u00bb{\u00ab\u00a0desktop\u00ab\u00a0:{\u00ab\u00a0margin-left\u00ab\u00a0:\u00ab\u00a0-20%\u00ab\u00a0,\u00ab\u00a0padding-left\u00ab\u00a0:\u00ab\u00a00\u00ab\u00a0,\u00ab\u00a0class\u00ab\u00a0:\u00ab\u00a0grve-wpb-1612860368069\u00ab\u00a0},\u00ab\u00a0mobile_landscape\u00ab\u00a0:{\u00ab\u00a0margin-left\u00ab\u00a0:\u00ab\u00a00\u00ab\u00a0,\u00ab\u00a0padding-left\u00ab\u00a0:\u00ab\u00a040\u00ab\u00a0}}\u00a0\u00bb][\/vc_column_inner][\/vc_row_inner][\/vc_column][\/vc_row][vc_row][vc_column][vc_column_text]Veuillez prendre quelques minutes pour remplir le formulaire de candidature, ce qui nous permettra de mieux comprendre vos int\u00e9r\u00eats et qualifications. Nous sommes impatients d&rsquo;en savoir plus sur vous et de voir comment nous pouvons vous offrir une exp\u00e9rience de stage d&rsquo;\u00e9t\u00e9 significative et \u00e9ducative. [&hellip;]<\/p>\n","protected":false},"author":3,"featured_media":0,"parent":0,"menu_order":0,"comment_status":"closed","ping_status":"closed","template":"","meta":{"content-type":"","om_disable_all_campaigns":false,"_mi_skip_tracking":false,"_monsterinsights_sitenote_active":false,"_monsterinsights_sitenote_note":"","_monsterinsights_sitenote_category":0,"footnotes":""},"aioseo_notices":[],"_links":{"self":[{"href":"https:\/\/sofia-technologies.com\/fr\/wp-json\/wp\/v2\/pages\/10765"}],"collection":[{"href":"https:\/\/sofia-technologies.com\/fr\/wp-json\/wp\/v2\/pages"}],"about":[{"href":"https:\/\/sofia-technologies.com\/fr\/wp-json\/wp\/v2\/types\/page"}],"author":[{"embeddable":true,"href":"https:\/\/sofia-technologies.com\/fr\/wp-json\/wp\/v2\/users\/3"}],"replies":[{"embeddable":true,"href":"https:\/\/sofia-technologies.com\/fr\/wp-json\/wp\/v2\/comments?post=10765"}],"version-history":[{"count":5,"href":"https:\/\/sofia-technologies.com\/fr\/wp-json\/wp\/v2\/pages\/10765\/revisions"}],"predecessor-version":[{"id":10774,"href":"https:\/\/sofia-technologies.com\/fr\/wp-json\/wp\/v2\/pages\/10765\/revisions\/10774"}],"wp:attachment":[{"href":"https:\/\/sofia-technologies.com\/fr\/wp-json\/wp\/v2\/media?parent=10765"}],"curies":[{"name":"wp","href":"https:\/\/api.w.org\/{rel}","templated":true}]}}