{"id":10583,"date":"2023-05-23T17:03:44","date_gmt":"2023-05-23T15:03:44","guid":{"rendered":"https:\/\/sofia-technologies.com\/?page_id=10583"},"modified":"2023-05-26T11:42:37","modified_gmt":"2023-05-26T09:42:37","slug":"developpeur-systemes-embarques-senior","status":"publish","type":"page","link":"https:\/\/sofia-technologies.com\/fr\/carrieres\/developpeur-systemes-embarques-senior\/","title":{"rendered":"D\u00e9veloppeur syst\u00e8mes embarqu\u00e9s S\u00e9nior"},"content":{"rendered":"<p>[vc_row][vc_column][vc_column_text]&nbsp;<\/p>\n<h1><\/h1>\n<h1 style=\"color: #193c6b; text-align: center;\"><strong>D\u00e9veloppeur syst\u00e8mes embarqu\u00e9s s\u00e9nior<\/strong><\/h1>\n<div><\/div>\n<div><strong>T\u00e2ches<\/strong><\/div>\n<ul>\n<li>\u00a0 Etude de la sp\u00e9cification technique du client<\/li>\n<li>\u00a0Conception des solutions techniques avec le support des architectes SW<\/li>\n<li>\u00a0D\u00e9veloppement des diff\u00e9rents modules en respectant les contraintes de l\u2019embarqu\u00e9 et en appliquant les process en vigueur<\/li>\n<li>R\u00e9alisation des tests unitaires et des tests d\u2019int\u00e9gration<\/li>\n<li>Correction des bugs report\u00e9s par les \u00e9quipes de validations internes ou externes<\/li>\n<li>Diploma Ing\u00e9nieur<\/li>\n<\/ul>\n<div><strong>Exp\u00e9rience professionnelle :\u00a0 <\/strong>&gt; 3 ans<\/div>\n<div><\/div>\n<div><strong>Comp\u00e9tences techniques ou sp\u00e9cifiques:\u00a0<\/strong><\/div>\n<div><\/div>\n<div>\n<ul>\n<li>Bon niveau en C\/C++ embarqu\u00e9<\/li>\n<li>Scripts et compilation : Bash, Makefile<\/li>\n<li>Bonnes connaissances du Linux embarqu\u00e9 : Kernel, BSP et applicatif<\/li>\n<li>Les principes de base du Networking : TCP\/IP, IPv6, Firewalling, Bridging, Routing, QoS<\/li>\n<li>Connaissances transversales du monde de l\u2019embarqu\u00e9 : \u00e9lectronique, microcontr\u00f4leurs<\/li>\n<li>Bonne maitrise des langues Fran\u00e7ais et Anglais.<\/li>\n<li>Git, Gitlab<\/li>\n<\/ul>\n<\/div>\n<div><strong>Soft skills<\/strong><\/div>\n<div>\u2022 Autonome<\/div>\n<div>\u2022 Rigoureux<\/div>\n<div><\/div>\n<div><strong>Validit\u00e9 de l\u2019offre<\/strong><\/div>\n<div>Open<\/div>\n<p>[\/vc_column_text][\/vc_column][\/vc_row][vc_row][vc_column][vc_raw_js]JTNDc2NyaXB0JTIwY2hhcnNldCUzRCUyMnV0Zi04JTIyJTIwdHlwZSUzRCUyMnRleHQlMkZqYXZhc2NyaXB0JTIyJTIwc3JjJTNEJTIyJTJGJTJGanMuaHNmb3Jtcy5uZXQlMkZmb3JtcyUyRmVtYmVkJTJGdjIuanMlMjIlM0UlM0MlMkZzY3JpcHQlM0UlMEElM0NzY3JpcHQlM0UlMEElMjAlMjBoYnNwdC5mb3Jtcy5jcmVhdGUlMjglN0IlMEElMjAlMjAlMjAlMjByZWdpb24lM0ElMjAlMjJuYTElMjIlMkMlMEElMjAlMjAlMjAlMjBwb3J0YWxJZCUzQSUyMCUyMjc4NTA0NzIlMjIlMkMlMEElMjAlMjAlMjAlMjBmb3JtSWQlM0ElMjAlMjIwOGE3YjEwNi1kMzAzLTQyMTctYTk4MC1kNzliMDUwZGU1NDglMjIlMEElMjAlMjAlN0QlMjklM0IlMEElM0MlMkZzY3JpcHQlM0U=[\/vc_raw_js][\/vc_column][\/vc_row]<\/p>\n","protected":false},"excerpt":{"rendered":"<p>[vc_row][vc_column][vc_column_text]&nbsp; D\u00e9veloppeur syst\u00e8mes embarqu\u00e9s s\u00e9nior T\u00e2ches \u00a0 Etude de la sp\u00e9cification technique du client \u00a0Conception des solutions techniques avec le support des architectes SW \u00a0D\u00e9veloppement des diff\u00e9rents modules en respectant les contraintes de l\u2019embarqu\u00e9 et en appliquant les process en vigueur R\u00e9alisation des tests unitaires et des tests d\u2019int\u00e9gration Correction des bugs report\u00e9s par les [&hellip;]<\/p>\n","protected":false},"author":3,"featured_media":0,"parent":9585,"menu_order":0,"comment_status":"closed","ping_status":"closed","template":"","meta":{"content-type":"","om_disable_all_campaigns":false,"_mi_skip_tracking":false,"_monsterinsights_sitenote_active":false,"_monsterinsights_sitenote_note":"","_monsterinsights_sitenote_category":0,"footnotes":""},"aioseo_notices":[],"_links":{"self":[{"href":"https:\/\/sofia-technologies.com\/fr\/wp-json\/wp\/v2\/pages\/10583"}],"collection":[{"href":"https:\/\/sofia-technologies.com\/fr\/wp-json\/wp\/v2\/pages"}],"about":[{"href":"https:\/\/sofia-technologies.com\/fr\/wp-json\/wp\/v2\/types\/page"}],"author":[{"embeddable":true,"href":"https:\/\/sofia-technologies.com\/fr\/wp-json\/wp\/v2\/users\/3"}],"replies":[{"embeddable":true,"href":"https:\/\/sofia-technologies.com\/fr\/wp-json\/wp\/v2\/comments?post=10583"}],"version-history":[{"count":16,"href":"https:\/\/sofia-technologies.com\/fr\/wp-json\/wp\/v2\/pages\/10583\/revisions"}],"predecessor-version":[{"id":10652,"href":"https:\/\/sofia-technologies.com\/fr\/wp-json\/wp\/v2\/pages\/10583\/revisions\/10652"}],"up":[{"embeddable":true,"href":"https:\/\/sofia-technologies.com\/fr\/wp-json\/wp\/v2\/pages\/9585"}],"wp:attachment":[{"href":"https:\/\/sofia-technologies.com\/fr\/wp-json\/wp\/v2\/media?parent=10583"}],"curies":[{"name":"wp","href":"https:\/\/api.w.org\/{rel}","templated":true}]}}