{"id":10573,"date":"2023-05-23T16:52:06","date_gmt":"2023-05-23T14:52:06","guid":{"rendered":"https:\/\/sofia-technologies.com\/?page_id=10573"},"modified":"2023-05-26T11:45:59","modified_gmt":"2023-05-26T09:45:59","slug":"technichal-leader-net","status":"publish","type":"page","link":"https:\/\/sofia-technologies.com\/fr\/carrieres\/technichal-leader-net\/","title":{"rendered":"Technichal Leader .Net"},"content":{"rendered":"<p>[vc_row][vc_column][vc_column_text]<\/p>\n<h1><\/h1>\n<h1 style=\"color: #193c6b; text-align: center;\"><strong>Technichal Leader .NET<\/strong><\/h1>\n<p><strong>T\u00e2ches<\/strong><\/p>\n<ul>\n<li>D\u00e9veloppement Web et Mobile dans l\u2019environnement .NET<\/li>\n<li>Assurer une conception soign\u00e9e en respectant les principes de l\u2019architecture, en concertation avec l\u2019architecte r\u00e9f\u00e8rent<\/li>\n<li>D\u00e9veloppez les comp\u00e9tences des ressources en fonction des besoins du projet.<br \/>\nG\u00e9rer, d\u00e9velopper et \u00e9valuer l\u2019\u00e9quipe technique .NET<\/li>\n<li>Assurer la relecture de code et les \u00e9ventuels refactorings demand\u00e9s<\/li>\n<li>Pr\u00e9parer les livraisons selon les process qualit\u00e9 et management de Sofia<\/li>\n<li>R\u00e9diger et valider la documentation technique<\/li>\n<li>\u00catre un \u00e9l\u00e9ment actif dans toutes les phases de r\u00e9alisation de projet :<\/li>\n<li>Sp\u00e9cification, conception, d\u00e9veloppement, int\u00e9gration et livraison<\/li>\n<\/ul>\n<p><strong>Exp\u00e9rience professionnelle<\/strong>: Minimum 5 ans d\u2019exp\u00e9rience<\/p>\n<p><strong>Comp\u00e9tences techniques ou sp\u00e9cifiques<\/strong>\u00a0:<\/p>\n<ul>\n<li>C#, Xamarin.Forms, NetStandard 2.0, EFCore.<\/li>\n<li>Librairies essentiellement : AutoFac, MVVMLight, FireBase, IdentityModel, IdentityServer. BDD : SQLite,<\/li>\n<li>Test unitaire et modulaire avec NUnit.<\/li>\n<li>V\u00e9rifications de certaines r\u00e8gles de codage dans la build avec Roslyn Analysers et Ndepen<\/li>\n<li>Outils: TeamCity, MsBuild et C#, Doors, Mantis, Git, Advitium\/PDM<\/li>\n<\/ul>\n<p><strong>Soft skills<\/strong> :<\/p>\n<p>\u2022 Autonomie technique<br \/>\n\u2022 Rigueur[\/vc_column_text][\/vc_column][\/vc_row][vc_row][vc_column][vc_raw_js]JTNDc2NyaXB0JTIwY2hhcnNldCUzRCUyMnV0Zi04JTIyJTIwdHlwZSUzRCUyMnRleHQlMkZqYXZhc2NyaXB0JTIyJTIwc3JjJTNEJTIyJTJGJTJGanMuaHNmb3Jtcy5uZXQlMkZmb3JtcyUyRmVtYmVkJTJGdjIuanMlMjIlM0UlM0MlMkZzY3JpcHQlM0UlMEElM0NzY3JpcHQlM0UlMEElMjAlMjBoYnNwdC5mb3Jtcy5jcmVhdGUlMjglN0IlMEElMjAlMjAlMjAlMjByZWdpb24lM0ElMjAlMjJuYTElMjIlMkMlMEElMjAlMjAlMjAlMjBwb3J0YWxJZCUzQSUyMCUyMjc4NTA0NzIlMjIlMkMlMEElMjAlMjAlMjAlMjBmb3JtSWQlM0ElMjAlMjIwOGE3YjEwNi1kMzAzLTQyMTctYTk4MC1kNzliMDUwZGU1NDglMjIlMEElMjAlMjAlN0QlMjklM0IlMEElM0MlMkZzY3JpcHQlM0U=[\/vc_raw_js][\/vc_column][\/vc_row]<\/p>\n","protected":false},"excerpt":{"rendered":"<p>[vc_row][vc_column][vc_column_text] Technichal Leader .NET T\u00e2ches D\u00e9veloppement Web et Mobile dans l\u2019environnement .NET Assurer une conception soign\u00e9e en respectant les principes de l\u2019architecture, en concertation avec l\u2019architecte r\u00e9f\u00e8rent D\u00e9veloppez les comp\u00e9tences des ressources en fonction des besoins du projet. G\u00e9rer, d\u00e9velopper et \u00e9valuer l\u2019\u00e9quipe technique .NET Assurer la relecture de code et les \u00e9ventuels refactorings demand\u00e9s [&hellip;]<\/p>\n","protected":false},"author":3,"featured_media":0,"parent":9585,"menu_order":0,"comment_status":"closed","ping_status":"closed","template":"","meta":{"content-type":"","om_disable_all_campaigns":false,"_mi_skip_tracking":false,"_monsterinsights_sitenote_active":false,"_monsterinsights_sitenote_note":"","_monsterinsights_sitenote_category":0,"footnotes":""},"aioseo_notices":[],"_links":{"self":[{"href":"https:\/\/sofia-technologies.com\/fr\/wp-json\/wp\/v2\/pages\/10573"}],"collection":[{"href":"https:\/\/sofia-technologies.com\/fr\/wp-json\/wp\/v2\/pages"}],"about":[{"href":"https:\/\/sofia-technologies.com\/fr\/wp-json\/wp\/v2\/types\/page"}],"author":[{"embeddable":true,"href":"https:\/\/sofia-technologies.com\/fr\/wp-json\/wp\/v2\/users\/3"}],"replies":[{"embeddable":true,"href":"https:\/\/sofia-technologies.com\/fr\/wp-json\/wp\/v2\/comments?post=10573"}],"version-history":[{"count":7,"href":"https:\/\/sofia-technologies.com\/fr\/wp-json\/wp\/v2\/pages\/10573\/revisions"}],"predecessor-version":[{"id":10653,"href":"https:\/\/sofia-technologies.com\/fr\/wp-json\/wp\/v2\/pages\/10573\/revisions\/10653"}],"up":[{"embeddable":true,"href":"https:\/\/sofia-technologies.com\/fr\/wp-json\/wp\/v2\/pages\/9585"}],"wp:attachment":[{"href":"https:\/\/sofia-technologies.com\/fr\/wp-json\/wp\/v2\/media?parent=10573"}],"curies":[{"name":"wp","href":"https:\/\/api.w.org\/{rel}","templated":true}]}}