{"id":10507,"date":"2023-05-23T12:28:24","date_gmt":"2023-05-23T10:28:24","guid":{"rendered":"https:\/\/sofia-technologies.com\/?page_id=10507"},"modified":"2023-05-23T17:53:50","modified_gmt":"2023-05-23T15:53:50","slug":"developpeur-senior-springboot","status":"publish","type":"page","link":"https:\/\/sofia-technologies.com\/fr\/carrieres\/developpeur-senior-springboot\/","title":{"rendered":"D\u00e9veloppeur S\u00e9nior SpringBoot"},"content":{"rendered":"<p>[vc_row][vc_column][vc_column_text]&nbsp;<\/p>\n<h1 style=\"color: #193c6b; text-align: center;\">D\u00e9veloppeur S\u00e9nior SpringBoot<\/h1>\n<p><strong>T\u00e2ches<\/strong><\/p>\n<ul>\n<li>Analyser les besoins du client pour r\u00e9diger un cahier des charges<\/li>\n<li>Concevoir l\u2019architecture du logiciel et encadrer son d\u00e9veloppement<\/li>\n<li>Organiser des tests techniques ,Op\u00e9rer la maintenance et la mise \u00e0 jour du logiciel.<\/li>\n<\/ul>\n<div><strong>Exp\u00e9rience professionnelle\u00a0:\u00a0<\/strong>\u00a0Min 7 ans<\/div>\n<div><\/div>\n<div><strong>Comp\u00e9tences techniques ou sp\u00e9cifiques<\/strong>\u00a0:<\/div>\n<ul>\n<li>Connaissances solides en architecture micro-service<\/li>\n<li>\u00a0Ma\u00eetrise la conception et le d\u00e9coupage de microservices, ainsi que les bonnes pratiques qui s\u2019y rattachent<\/li>\n<li>Conception et le d\u00e9veloppement Java back-end, framework Spring Boot, Microservices,<\/li>\n<li>Bonne maitrise d\u2019Angular pour le d\u00e9veloppement front-end<\/li>\n<li>Bonne compr\u00e9hension de la communication entre les services avec du Rest en mode synchrone et du JMS en mode asynchrone.<\/li>\n<li>Bases de donn\u00e9es : Postgres et ES pour le monitoring et le big data<\/li>\n<li>Bonne compr\u00e9hension des technologies DevOps<\/li>\n<li>Exp\u00e9rience de travail dans une \u00e9quipe Agile (Scrum)<\/li>\n<li>Soft skills<\/li>\n<li>Sens d\u2019analyse<\/li>\n<li>Resolution des probl\u00e8mes<\/li>\n<li>Sens de l\u2019\u00e9coute<\/li>\n<li>Organis\u00e9<\/li>\n<li>Rigoureux<\/li>\n<li>Facile d\u2019adaptation<\/li>\n<\/ul>\n<div><strong>Offer validity<\/strong><\/div>\n<div><\/div>\n<div><strong>Start date<\/strong>\u00a0: 10\/05\/2023<\/div>\n<p>[\/vc_column_text][\/vc_column][\/vc_row][vc_row][vc_column][vc_raw_js]JTNDc2NyaXB0JTIwY2hhcnNldCUzRCUyMnV0Zi04JTIyJTIwdHlwZSUzRCUyMnRleHQlMkZqYXZhc2NyaXB0JTIyJTIwc3JjJTNEJTIyJTJGJTJGanMuaHNmb3Jtcy5uZXQlMkZmb3JtcyUyRmVtYmVkJTJGdjIuanMlMjIlM0UlM0MlMkZzY3JpcHQlM0UlMEElM0NzY3JpcHQlM0UlMEElMjAlMjBoYnNwdC5mb3Jtcy5jcmVhdGUlMjglN0IlMEElMjAlMjAlMjAlMjByZWdpb24lM0ElMjAlMjJuYTElMjIlMkMlMEElMjAlMjAlMjAlMjBwb3J0YWxJZCUzQSUyMCUyMjc4NTA0NzIlMjIlMkMlMEElMjAlMjAlMjAlMjBmb3JtSWQlM0ElMjAlMjIwOGE3YjEwNi1kMzAzLTQyMTctYTk4MC1kNzliMDUwZGU1NDglMjIlMEElMjAlMjAlN0QlMjklM0IlMEElM0MlMkZzY3JpcHQlM0U=[\/vc_raw_js][\/vc_column][\/vc_row]<\/p>\n","protected":false},"excerpt":{"rendered":"<p>[vc_row][vc_column][vc_column_text]&nbsp; D\u00e9veloppeur S\u00e9nior SpringBoot T\u00e2ches Analyser les besoins du client pour r\u00e9diger un cahier des charges Concevoir l\u2019architecture du logiciel et encadrer son d\u00e9veloppement Organiser des tests techniques ,Op\u00e9rer la maintenance et la mise \u00e0 jour du logiciel. Exp\u00e9rience professionnelle\u00a0:\u00a0\u00a0Min 7 ans Comp\u00e9tences techniques ou sp\u00e9cifiques\u00a0: Connaissances solides en architecture micro-service \u00a0Ma\u00eetrise la conception et [&hellip;]<\/p>\n","protected":false},"author":3,"featured_media":0,"parent":9585,"menu_order":0,"comment_status":"closed","ping_status":"closed","template":"","meta":{"content-type":"","om_disable_all_campaigns":false,"_mi_skip_tracking":false,"_monsterinsights_sitenote_active":false,"_monsterinsights_sitenote_note":"","_monsterinsights_sitenote_category":0,"footnotes":""},"aioseo_notices":[],"_links":{"self":[{"href":"https:\/\/sofia-technologies.com\/fr\/wp-json\/wp\/v2\/pages\/10507"}],"collection":[{"href":"https:\/\/sofia-technologies.com\/fr\/wp-json\/wp\/v2\/pages"}],"about":[{"href":"https:\/\/sofia-technologies.com\/fr\/wp-json\/wp\/v2\/types\/page"}],"author":[{"embeddable":true,"href":"https:\/\/sofia-technologies.com\/fr\/wp-json\/wp\/v2\/users\/3"}],"replies":[{"embeddable":true,"href":"https:\/\/sofia-technologies.com\/fr\/wp-json\/wp\/v2\/comments?post=10507"}],"version-history":[{"count":14,"href":"https:\/\/sofia-technologies.com\/fr\/wp-json\/wp\/v2\/pages\/10507\/revisions"}],"predecessor-version":[{"id":10612,"href":"https:\/\/sofia-technologies.com\/fr\/wp-json\/wp\/v2\/pages\/10507\/revisions\/10612"}],"up":[{"embeddable":true,"href":"https:\/\/sofia-technologies.com\/fr\/wp-json\/wp\/v2\/pages\/9585"}],"wp:attachment":[{"href":"https:\/\/sofia-technologies.com\/fr\/wp-json\/wp\/v2\/media?parent=10507"}],"curies":[{"name":"wp","href":"https:\/\/api.w.org\/{rel}","templated":true}]}}